{"id":1923,"date":"2022-11-12T11:14:02","date_gmt":"2022-11-12T07:14:02","guid":{"rendered":"https:\/\/www.beyondbodyimage.com\/?page_id=1923"},"modified":"2025-06-17T19:00:11","modified_gmt":"2025-06-17T15:00:11","slug":"presse","status":"publish","type":"page","link":"https:\/\/www.beyondbodyimage.com\/fr\/presse\/","title":{"rendered":"Presse"},"content":{"rendered":"<div class=\"wpb-content-wrapper\"><p>[vc_row full_width=\u00a0\u00bbstretch_row\u00a0\u00bb bg_type=\u00a0\u00bbimage\u00a0\u00bb parallax_style=\u00a0\u00bbvcpb-default\u00a0\u00bb bg_image_new=\u00a0\u00bbid^1744|url^https:\/\/www.beyondbodyimage.com\/wp-content\/uploads\/2022\/10\/podcast-bg.jpg|caption^null|alt^null|title^podcast-bg|description^null\u00a0\u00bb bg_image_repeat=\u00a0\u00bbno-repeat\u00a0\u00bb el_class=\u00a0\u00bbhome-top\u00a0\u00bb][vc_column width=\u00a0\u00bb1\/4&Prime;]<div class=\"ult-spacer spacer-69f3d6592f0e9\" data-id=\"69f3d6592f0e9\" data-height=\"130\" data-height-mobile=\"100\" data-height-tab=\"200\" data-height-tab-portrait=\"200\" data-height-mobile-landscape=\"200\" style=\"clear:both;display:block;\"><\/div>[vc_column_text]<\/p>\n<div class=\"pod-text white\">DANS LA<br \/>\nPRESSE<\/div>\n<p>[\/vc_column_text]<div class=\"ult-spacer spacer-69f3d6592f1a0\" data-id=\"69f3d6592f1a0\" data-height=\"130\" data-height-mobile=\"0\" data-height-tab=\"100\" data-height-tab-portrait=\"100\" data-height-mobile-landscape=\"0\" style=\"clear:both;display:block;\"><\/div>[\/vc_column][vc_column width=\u00a0\u00bb3\/4&Prime;][\/vc_column][\/vc_row][vc_row el_class=\u00a0\u00bbmedia-items\u00a0\u00bb][vc_column]<div class=\"ult-spacer spacer-69f3d6592f21a\" data-id=\"69f3d6592f21a\" data-height=\"50\" data-height-mobile=\"30\" data-height-tab=\"50\" data-height-tab-portrait=\"50\" data-height-mobile-landscape=\"30\" style=\"clear:both;display:block;\"><\/div>[\/vc_column][\/vc_row][vc_row el_class=\u00a0\u00bbmedia-items\u00a0\u00bb][vc_column width=\u00a0\u00bb1\/3&Prime;][vc_single_image image=\u00a0\u00bb2469&Prime; img_size=\u00a0\u00bbfull\u00a0\u00bb alignment=\u00a0\u00bbcenter\u00a0\u00bb onclick=\u00a0\u00bbcustom_link\u00a0\u00bb img_link_target=\u00a0\u00bb_blank\u00a0\u00bb css=\u00a0\u00bb\u00a0\u00bb link=\u00a0\u00bbhttps:\/\/www.kiffetoncycle.fr\/sommet-autonomie-gynecologique-2025\/\u00a0\u00bb][vc_column_text css=\u00a0\u00bb\u00a0\u00bb]<\/p>\n<h4><a href=\"https:\/\/www.kiffetoncycle.fr\/sommet-autonomie-gynecologique-2025\/\">Sommet Autonomie Gyn<\/a><a href=\"https:\/\/www.kiffetoncycle.fr\/sommet-autonomie-gynecologique-2025\/\">\u00e9<\/a><a href=\"https:\/\/www.kiffetoncycle.fr\/sommet-autonomie-gynecologique-2025\/\">cologique de Kiffe Ton Cycle, Am\u00e9norrh\u00e9e : d\u00e9cryptage de l\u2019absence de r\u00e8gles et solutions<\/a><\/h4>\n<h4><\/h4>\n<p>[\/vc_column_text][vc_column_text css=\u00a0\u00bb\u00a0\u00bb el_class=\u00a0\u00bbmedia-date\u00a0\u00bb]6 Juin 2025[\/vc_column_text][\/vc_column][vc_column width=\u00a0\u00bb1\/3&Prime;][vc_single_image image=\u00a0\u00bb2220&Prime; img_size=\u00a0\u00bbfull\u00a0\u00bb alignment=\u00a0\u00bbcenter\u00a0\u00bb onclick=\u00a0\u00bbcustom_link\u00a0\u00bb img_link_target=\u00a0\u00bb_blank\u00a0\u00bb css=\u00a0\u00bb\u00a0\u00bb link=\u00a0\u00bbhttps:\/\/www.youtube.com\/watch?v=QJnKIcN9wX4&Prime;][vc_column_text css=\u00a0\u00bb\u00a0\u00bb]<\/p>\n<h4><a href=\"https:\/\/www.youtube.com\/watch?v=QJnKIcN9wX4\">Live avec App\u00e9tit Libre, Am\u00e9norrh\u00e9e hypothalamique : comment retrouver ses r\u00e8gles ?<\/a><\/h4>\n<h4><\/h4>\n<p>[\/vc_column_text][vc_column_text css=\u00a0\u00bb\u00a0\u00bb el_class=\u00a0\u00bbmedia-date\u00a0\u00bb]2 Mars 2025[\/vc_column_text][\/vc_column][\/vc_row][vc_row el_class=\u00a0\u00bbmedia-items\u00a0\u00bb][vc_column width=\u00a0\u00bb1\/3&Prime;][vc_single_image image=\u00a0\u00bb2467&Prime; img_size=\u00a0\u00bbfull\u00a0\u00bb alignment=\u00a0\u00bbcenter\u00a0\u00bb onclick=\u00a0\u00bbcustom_link\u00a0\u00bb img_link_target=\u00a0\u00bb_blank\u00a0\u00bb css=\u00a0\u00bb\u00a0\u00bb link=\u00a0\u00bbhttps:\/\/open.spotify.com\/episode\/6BxS4qFXjv96MiFn7FPKeA?si=X9u8hwgyTpyC0qqU6uuI8A\u00a0\u00bb][vc_column_text css=\u00a0\u00bb\u00a0\u00bb]<\/p>\n<h4><a href=\"https:\/\/open.spotify.com\/episode\/6BxS4qFXjv96MiFn7FPKeA?si=R9Q_sGEqT1-VKMdf-cFdkA\">Podcast Lib\u00e8re ta faim de Epicure Nutrition, Comment soutenir sa fertilit\u00e9 sans culture des r\u00e9gimes<\/a><\/h4>\n<p>[\/vc_column_text][vc_column_text css=\u00a0\u00bb\u00a0\u00bb el_class=\u00a0\u00bbmedia-date\u00a0\u00bb]4 F\u00e9vrier 2025[\/vc_column_text][\/vc_column][vc_column width=\u00a0\u00bb1\/3&Prime;][vc_single_image image=\u00a0\u00bb2369&Prime; img_size=\u00a0\u00bbfull\u00a0\u00bb alignment=\u00a0\u00bbcenter\u00a0\u00bb onclick=\u00a0\u00bbcustom_link\u00a0\u00bb img_link_target=\u00a0\u00bb_blank\u00a0\u00bb css=\u00a0\u00bb\u00a0\u00bb link=\u00a0\u00bbhttps:\/\/by.kiffetoncycle.fr\/sk12-sommet-sport-au-feminin\/\u00a0\u00bb][vc_column_text css=\u00a0\u00bb\u00a0\u00bb]<\/p>\n<h4><a href=\"https:\/\/by.kiffetoncycle.fr\/sommet-sport-au-feminin-pack-des-conferences\/\">Sommet Sport au Feminin de Kiffe Ton Cycle, Les representations du corps dans le sport<\/a><\/h4>\n<p>[\/vc_column_text][vc_column_text css=\u00a0\u00bb\u00a0\u00bb el_class=\u00a0\u00bbmedia-date\u00a0\u00bb]11 Juillet 2024[\/vc_column_text][\/vc_column][vc_column width=\u00a0\u00bb1\/3&Prime;][vc_single_image image=\u00a0\u00bb2367&Prime; img_size=\u00a0\u00bbfull\u00a0\u00bb alignment=\u00a0\u00bbcenter\u00a0\u00bb onclick=\u00a0\u00bbcustom_link\u00a0\u00bb img_link_target=\u00a0\u00bb_blank\u00a0\u00bb css=\u00a0\u00bb\u00a0\u00bb link=\u00a0\u00bbhttps:\/\/open.spotify.com\/episode\/5AAK7MmaxSt9BUowfbN2T9?si=jT51J7XUTDGpBaQ-TXoxdA\u00a0\u00bb][vc_column_text css=\u00a0\u00bb\u00a0\u00bb]<\/p>\n<h4><a href=\"https:\/\/open.spotify.com\/episode\/5AAK7MmaxSt9BUowfbN2T9?si=jT51J7XUTDGpBaQ-TXoxdA\">Podcast Un zeste de TCA, l&rsquo;amenorrhee hypothalamique ou la perte du cycle menstruel<\/a><\/h4>\n<h4><\/h4>\n<p>[\/vc_column_text][vc_column_text css=\u00a0\u00bb\u00a0\u00bb el_class=\u00a0\u00bbmedia-date\u00a0\u00bb]29 Juin 2024[\/vc_column_text][\/vc_column][\/vc_row][vc_row el_class=\u00a0\u00bbmedia-items\u00a0\u00bb][vc_column width=\u00a0\u00bb1\/3&Prime;][vc_single_image image=\u00a0\u00bb2359&Prime; img_size=\u00a0\u00bbfull\u00a0\u00bb alignment=\u00a0\u00bbcenter\u00a0\u00bb onclick=\u00a0\u00bbcustom_link\u00a0\u00bb img_link_target=\u00a0\u00bb_blank\u00a0\u00bb css=\u00a0\u00bb\u00a0\u00bb link=\u00a0\u00bbhttps:\/\/www.instagram.com\/reel\/C7gub8lOCSA\/?utm_source=ig_web_copy_link&amp;igsh=MzRlODBiNWFlZA%3D%3D\u00a0\u00bb][vc_column_text css=\u00a0\u00bb\u00a0\u00bb]<\/p>\n<h4><a href=\"https:\/\/www.instagram.com\/reel\/C7gub8lOCSA\/?utm_source=ig_web_copy_link&amp;igsh=MzRlODBiNWFlZA==\">IG Live avec Marion Vallet, Sage-femme<\/a><\/h4>\n<p>[\/vc_column_text][vc_column_text css=\u00a0\u00bb\u00a0\u00bb el_class=\u00a0\u00bbmedia-date\u00a0\u00bb]28 Mai 2024[\/vc_column_text][\/vc_column][vc_column width=\u00a0\u00bb1\/3&Prime;][vc_single_image image=\u00a0\u00bb2365&Prime; img_size=\u00a0\u00bbfull\u00a0\u00bb alignment=\u00a0\u00bbcenter\u00a0\u00bb onclick=\u00a0\u00bbcustom_link\u00a0\u00bb img_link_target=\u00a0\u00bb_blank\u00a0\u00bb css=\u00a0\u00bb\u00a0\u00bb link=\u00a0\u00bbhttps:\/\/open.spotify.com\/episode\/2Xm6n2pOLJSn3mJiBwUr9q\u00a0\u00bb][vc_column_text css=\u00a0\u00bb\u00a0\u00bb]<\/p>\n<h4><a href=\"https:\/\/open.spotify.com\/episode\/2Xm6n2pOLJSn3mJiBwUr9q\">Podcast En Crise 43, Florence: J&rsquo;ai appris a aimer mon corps comme il est<\/a><\/h4>\n<p>[\/vc_column_text][vc_column_text css=\u00a0\u00bb\u00a0\u00bb el_class=\u00a0\u00bbmedia-date\u00a0\u00bb]19 Avril 2024[\/vc_column_text][\/vc_column][vc_column width=\u00a0\u00bb1\/3&Prime;][vc_single_image image=\u00a0\u00bb2361&Prime; img_size=\u00a0\u00bbfull\u00a0\u00bb alignment=\u00a0\u00bbcenter\u00a0\u00bb onclick=\u00a0\u00bbcustom_link\u00a0\u00bb img_link_target=\u00a0\u00bb_blank\u00a0\u00bb css=\u00a0\u00bb\u00a0\u00bb link=\u00a0\u00bbhttps:\/\/pouvoircannelle.com\/prevenir-troubles-alimentaires-enfant\/\u00a0\u00bb][vc_column_text css=\u00a0\u00bb\u00a0\u00bb]<\/p>\n<h4><a href=\"https:\/\/pouvoircannelle.com\/prevenir-troubles-alimentaires-enfant\/\">Podcast La pleine conscience du pouvoir, Parents\u00a0: comment pr\u00e9venir les troubles alimentaires chez l\u2019enfant\u00a0?<\/a><\/h4>\n<h4><\/h4>\n<p>[\/vc_column_text][vc_column_text css=\u00a0\u00bb\u00a0\u00bb el_class=\u00a0\u00bbmedia-date\u00a0\u00bb]19 mars 2024[\/vc_column_text][\/vc_column][\/vc_row][vc_row el_class=\u00a0\u00bbmedia-items\u00a0\u00bb][vc_column width=\u00a0\u00bb1\/3&Prime;][vc_single_image image=\u00a0\u00bb2363&Prime; img_size=\u00a0\u00bbfull\u00a0\u00bb alignment=\u00a0\u00bbcenter\u00a0\u00bb onclick=\u00a0\u00bbcustom_link\u00a0\u00bb img_link_target=\u00a0\u00bb_blank\u00a0\u00bb css=\u00a0\u00bb\u00a0\u00bb link=\u00a0\u00bbhttps:\/\/pouvoircannelle.com\/amenorrhee-anorexie-definition-causes-solutions\/\u00a0\u00bb][vc_column_text css=\u00a0\u00bb\u00a0\u00bb]<\/p>\n<h4><a href=\"https:\/\/pouvoircannelle.com\/amenorrhee-anorexie-definition-causes-solutions\/\">Podcast La Pleine conscience du pouvoir: Amenorrhee et anorexie<\/a><\/h4>\n<p>[\/vc_column_text][vc_column_text css=\u00a0\u00bb\u00a0\u00bb el_class=\u00a0\u00bbmedia-date\u00a0\u00bb]26 Septembre 2023[\/vc_column_text][\/vc_column][vc_column width=\u00a0\u00bb1\/3&Prime;][vc_single_image image=\u00a0\u00bb2373&Prime; img_size=\u00a0\u00bbfull\u00a0\u00bb alignment=\u00a0\u00bbcenter\u00a0\u00bb onclick=\u00a0\u00bbcustom_link\u00a0\u00bb img_link_target=\u00a0\u00bb_blank\u00a0\u00bb css=\u00a0\u00bb\u00a0\u00bb link=\u00a0\u00bbhttps:\/\/www.instagram.com\/tv\/Cs_nrkDKNwF\/?utm_source=ig_web_copy_link&amp;igsh=MzRlODBiNWFlZA%3D%3D\u00a0\u00bb][vc_column_text css=\u00a0\u00bb\u00a0\u00bb]<\/p>\n<h4><a href=\"https:\/\/www.instagram.com\/tv\/Cs_nrkDKNwF\/?utm_source=ig_web_copy_link&amp;igsh=MzRlODBiNWFlZA==\">IG Live avec No Rain, No Flower, 5 mythes sur les TCA et la guerison<\/a><\/h4>\n<p>[\/vc_column_text][vc_column_text css=\u00a0\u00bb\u00a0\u00bb el_class=\u00a0\u00bbmedia-date\u00a0\u00bb]2 Juin 2023[\/vc_column_text][\/vc_column][vc_column width=\u00a0\u00bb1\/3&Prime;][vc_single_image image=\u00a0\u00bb2355&Prime; img_size=\u00a0\u00bbfull\u00a0\u00bb alignment=\u00a0\u00bbcenter\u00a0\u00bb onclick=\u00a0\u00bbcustom_link\u00a0\u00bb img_link_target=\u00a0\u00bb_blank\u00a0\u00bb css=\u00a0\u00bb\u00a0\u00bb link=\u00a0\u00bbhttps:\/\/www.youtube.com\/watch?v=7VZzZVJzrR4&Prime;][vc_column_text css=\u00a0\u00bb\u00a0\u00bb]<\/p>\n<h4><a href=\"https:\/\/www.youtube.com\/watch?v=7VZzZVJzrR4\">Podcast Reset ton assiette,\u00a0Quand la diet culture nous fait perdre nos regles<\/a><\/h4>\n<h4><\/h4>\n<p>[\/vc_column_text][vc_column_text css=\u00a0\u00bb\u00a0\u00bb el_class=\u00a0\u00bbmedia-date\u00a0\u00bb]27 Avril 2023[\/vc_column_text][\/vc_column][\/vc_row][vc_row el_class=\u00a0\u00bbmedia-items\u00a0\u00bb][vc_column width=\u00a0\u00bb1\/3&Prime;][vc_single_image image=\u00a0\u00bb2242&Prime; img_size=\u00a0\u00bbfull\u00a0\u00bb alignment=\u00a0\u00bbcenter\u00a0\u00bb onclick=\u00a0\u00bbcustom_link\u00a0\u00bb img_link_target=\u00a0\u00bb_blank\u00a0\u00bb css=\u00a0\u00bb\u00a0\u00bb link=\u00a0\u00bbhttps:\/\/open.spotify.com\/episode\/1n6hMZHKf92OQOTVdBSTQX\u00a0\u00bb][vc_column_text css=\u00a0\u00bb\u00a0\u00bb]<\/p>\n<h4><a href=\"https:\/\/open.spotify.com\/episode\/1n6hMZHKf92OQOTVdBSTQX\">Podcast Food Th\u00e9rapie, \u00c9pisode 59: L&rsquo;am\u00e9norrh\u00e9e hypothalamique<\/a><\/h4>\n<p>[\/vc_column_text][vc_column_text el_class=\u00a0\u00bbmedia-date\u00a0\u00bb]29 Mars 2023[\/vc_column_text][\/vc_column][vc_column width=\u00a0\u00bb1\/3&Prime;][vc_single_image image=\u00a0\u00bb2226&Prime; img_size=\u00a0\u00bbfull\u00a0\u00bb alignment=\u00a0\u00bbcenter\u00a0\u00bb onclick=\u00a0\u00bbcustom_link\u00a0\u00bb img_link_target=\u00a0\u00bb_blank\u00a0\u00bb css=\u00a0\u00bb\u00a0\u00bb link=\u00a0\u00bbhttps:\/\/www.youtube.com\/watch?v=R-rQX6WEyE8&Prime;][vc_column_text css=\u00a0\u00bb\u00a0\u00bb]<\/p>\n<h4><a href=\"https:\/\/www.youtube.com\/watch?v=R-rQX6WEyE8\">Podcast No Rain No Flower, Am\u00e9norrh\u00e9e et trouble alimentaire &#8211; Partie 2 Comment retrouver ses r\u00e8gles?<\/a><\/h4>\n<p>[\/vc_column_text][vc_column_text el_class=\u00a0\u00bbmedia-date\u00a0\u00bb]15 Mars 2023[\/vc_column_text][\/vc_column][vc_column width=\u00a0\u00bb1\/3&Prime;][vc_single_image image=\u00a0\u00bb2217&Prime; img_size=\u00a0\u00bbfull\u00a0\u00bb alignment=\u00a0\u00bbcenter\u00a0\u00bb onclick=\u00a0\u00bbcustom_link\u00a0\u00bb img_link_target=\u00a0\u00bb_blank\u00a0\u00bb css=\u00a0\u00bb\u00a0\u00bb link=\u00a0\u00bbhttps:\/\/www.youtube.com\/watch?v=pJXPoV_caes&amp;t=4s\u00a0\u00bb][vc_column_text css=\u00a0\u00bb\u00a0\u00bb]<\/p>\n<h4><a href=\"https:\/\/www.youtube.com\/watch?v=pJXPoV_caes&amp;t=4s\">Podcast No Rain No Flower, Am\u00e9norrh\u00e9e et trouble alimentaires &#8211; Partie 1 Diagnostic et Cons\u00e9quences sur la sant\u00e9<\/a><\/h4>\n<h4><\/h4>\n<p>[\/vc_column_text][vc_column_text el_class=\u00a0\u00bbmedia-date\u00a0\u00bb]8 Mars 2023[\/vc_column_text][\/vc_column][\/vc_row][vc_row el_class=\u00a0\u00bbmedia-items\u00a0\u00bb][vc_column width=\u00a0\u00bb1\/3&Prime;][vc_single_image image=\u00a0\u00bb2220&Prime; img_size=\u00a0\u00bbfull\u00a0\u00bb alignment=\u00a0\u00bbcenter\u00a0\u00bb onclick=\u00a0\u00bbcustom_link\u00a0\u00bb img_link_target=\u00a0\u00bb_blank\u00a0\u00bb css=\u00a0\u00bb\u00a0\u00bb link=\u00a0\u00bbhttps:\/\/www.instagram.com\/p\/CkbcAXvq37b\/?utm_source=ig_web_copy_link\u00a0\u00bb][vc_column_text css=\u00a0\u00bb\u00a0\u00bb]<\/p>\n<h4><a href=\"https:\/\/www.instagram.com\/p\/CkbcAXvq37b\/?utm_source=ig_web_copy_link\">IG Live avec @appetitlibre &#8211; dois-je m&rsquo;inqui\u00e9ter de prendre \u00ab\u00a0trop\u00a0\u00bb de poids en gu\u00e9rison?<\/a><\/h4>\n<p>[\/vc_column_text][vc_column_text el_class=\u00a0\u00bbmedia-date\u00a0\u00bb]1er Novembre 2022[\/vc_column_text][\/vc_column][vc_column width=\u00a0\u00bb1\/3&Prime;][vc_single_image image=\u00a0\u00bb2146&Prime; img_size=\u00a0\u00bbfull\u00a0\u00bb alignment=\u00a0\u00bbcenter\u00a0\u00bb onclick=\u00a0\u00bbcustom_link\u00a0\u00bb img_link_target=\u00a0\u00bb_blank\u00a0\u00bb css=\u00a0\u00bb\u00a0\u00bb link=\u00a0\u00bbhttps:\/\/www.youtube.com\/watch?v=d4ctCDfYc8w&amp;list=PLDF9_Wy99fYAdHOa5VIswJFgqhnkn70Ce&amp;index=79&Prime;][vc_column_text css=\u00a0\u00bb\u00a0\u00bb]<\/p>\n<h4><a href=\"https:\/\/www.youtube.com\/watch?v=d4ctCDfYc8w&amp;list=PLDF9_Wy99fYAdHOa5VIswJFgqhnkn70Ce&amp;index=79\">Podcast Eclosion par Hygiene 2 Vie, Tout sur la m\u00e9thode All In avec Florence Gillet<\/a><\/h4>\n<p>[\/vc_column_text][vc_column_text el_class=\u00a0\u00bbmedia-date\u00a0\u00bb]20 Juillet 2022[\/vc_column_text][\/vc_column][vc_column width=\u00a0\u00bb1\/3&Prime;][vc_single_image image=\u00a0\u00bb1807&Prime; img_size=\u00a0\u00bbfull\u00a0\u00bb alignment=\u00a0\u00bbcenter\u00a0\u00bb onclick=\u00a0\u00bbcustom_link\u00a0\u00bb img_link_target=\u00a0\u00bb_blank\u00a0\u00bb link=\u00a0\u00bbhttps:\/\/lepetitjournal.com\/dubai\/communaute\/florence-gillet-coach-en-psychologie-de-la-nutrition-249858&Prime;][vc_column_text]<\/p>\n<h4><a href=\"https:\/\/www.vogue.co.uk\/beauty\/article\/stop-complimenting-weight-loss\">Le Petit Journal Dubai, Florence Gillet \u2013 Coach en psychologie de la nutrition<\/a><\/h4>\n<p>[\/vc_column_text][vc_column_text el_class=\u00a0\u00bbmedia-date\u00a0\u00bb]9 F\u00e9vrier 2019[\/vc_column_text][\/vc_column][\/vc_row][vc_row el_class=\u00a0\u00bbmedia-items\u00a0\u00bb][vc_column width=\u00a0\u00bb1\/2&Prime;][vc_column_text el_class=\u00a0\u00bbfont18&Prime;]Pour voir mes articles et interviews en anglais, cliquez ici.<\/p>\n<p>Pour toute demande de presse: de comment cultiver une image corporelle positive et la transmettre \u00e0 ses enfants au mouvement \u00ab sant\u00e9 \u00e0 toutes tailles \u00bb ou comment vaincre l\u2019am\u00e9norrh\u00e9e hypothalamique: n\u2019h\u00e9sitez pas \u00e0 me contacter par email via florence@beyondbodyimage.com[\/vc_column_text][\/vc_column][vc_column width=\u00a0\u00bb1\/2&Prime;][vc_single_image image=\u00a0\u00bb432&Prime; img_size=\u00a0\u00bbfull\u00a0\u00bb][\/vc_column][\/vc_row][vc_row full_width=\u00a0\u00bbstretch_row\u00a0\u00bb bg_type=\u00a0\u00bbimage\u00a0\u00bb parallax_style=\u00a0\u00bbvcpb-default\u00a0\u00bb bg_image_new=\u00a0\u00bbid^1747|url^http:\/\/localhost\/bbi\/wp-content\/uploads\/2022\/09\/about3.png|caption^null|alt^null|title^about3|description^null\u00a0\u00bb bg_image_repeat=\u00a0\u00bbno-repeat\u00a0\u00bb el_class=\u00a0\u00bbyellow-bg\u00a0\u00bb][vc_column]<div class=\"ult-spacer spacer-69f3d6592f286\" data-id=\"69f3d6592f286\" data-height=\"40\" data-height-mobile=\"25\" data-height-tab=\"25\" data-height-tab-portrait=\"25\" data-height-mobile-landscape=\"25\" style=\"clear:both;display:block;\"><\/div>[vc_row_inner][vc_column_inner][vc_column_text el_class=\u00a0\u00bbpara tc\u00a0\u00bb]<span class=\"newsletter-title\">subscribe<\/span> to receive updates on upcoming news and workshops[\/vc_column_text][vc_column_text]<div id=\"quform-4405ff\" class=\"quform quform-5 quform-support-page-caching quform-errors-absolute\"><form id=\"quform-form-4405ff\" class=\"quform-form quform-form-5\" action=\"\/fr\/wp-json\/wp\/v2\/pages\/1923#quform-4405ff\" method=\"post\" enctype=\"multipart\/form-data\" novalidate=\"novalidate\" data-options=\"{&quot;id&quot;:5,&quot;uniqueId&quot;:&quot;4405ff&quot;,&quot;theme&quot;:&quot;&quot;,&quot;ajax&quot;:true,&quot;logic&quot;:{&quot;logic&quot;:[],&quot;dependents&quot;:[],&quot;elementIds&quot;:[],&quot;dependentElementIds&quot;:[],&quot;animate&quot;:false},&quot;currentPageId&quot;:1,&quot;errorsIcon&quot;:&quot;&quot;,&quot;updateFancybox&quot;:true,&quot;hasPages&quot;:false,&quot;pages&quot;:[1],&quot;pageProgressType&quot;:&quot;numbers&quot;,&quot;tooltipsEnabled&quot;:false,&quot;tooltipClasses&quot;:&quot;qtip-quform-dark qtip-shadow&quot;,&quot;tooltipMy&quot;:&quot;left center&quot;,&quot;tooltipAt&quot;:&quot;right center&quot;,&quot;isRtl&quot;:false,&quot;scrollOffset&quot;:-50,&quot;scrollSpeed&quot;:800}\"><button class=\"quform-default-submit\" name=\"quform_submit\" type=\"submit\" value=\"submit\" aria-hidden=\"true\" tabindex=\"-1\"><\/button><div class=\"quform-form-inner quform-form-inner-5\"><input type=\"hidden\" name=\"quform_form_id\" value=\"5\" \/><input type=\"hidden\" name=\"quform_form_uid\" value=\"4405ff\" \/><input type=\"hidden\" name=\"quform_count\" value=\"1\" \/><input type=\"hidden\" name=\"form_url\" value=\"https:\/\/www.beyondbodyimage.com\/fr\/wp-json\/wp\/v2\/pages\/1923\" \/><input type=\"hidden\" name=\"referring_url\" value=\"\" \/><input type=\"hidden\" name=\"post_id\" value=\"\" \/><input type=\"hidden\" name=\"post_title\" value=\"\" \/><input type=\"hidden\" name=\"quform_current_page_id\" value=\"1\" \/><input type=\"hidden\" name=\"quform_loaded\" value=\"1777587801|702e75c530fd8778c6810c9696c6fc73\" \/><input type=\"hidden\" name=\"quform_csrf_token\" value=\"FpoHz9Np29llRypj51Er5BJZ6oGLci51eXtrYun4\" \/><div class=\"quform-elements quform-elements-5 quform-cf quform-responsive-elements-phone-landscape\"><div class=\"quform-element quform-element-page quform-page-1 quform-page-5_1 quform-cf quform-group-style-plain quform-first-page quform-last-page quform-current-page\"><div class=\"quform-child-elements\"><div class=\"quform-element quform-element-textarea quform-element-5_250409 quform-sr-only quform-cf\" style=\"clip: rect(1px, 1px, 1px, 1px); clip-path: inset(50%); position: absolute !important; height: 1px; width: 1px; overflow: hidden;\"><div class=\"quform-spacer\"><div class=\"quform-label quform-label-5_250409\"><label class=\"quform-label-text\" for=\"quform_5_250409_4405ff\">Website URL<span class=\"quform-required\">*<\/span><\/label><\/div><div class=\"quform-inner quform-inner-5_250409\"><textarea id=\"quform_5_250409_4405ff\" name=\"quform_5_250409\" class=\"quform-field quform-field-textarea quform-field-5_250409\" tabindex=\"-1\" autocomplete=\"new-password\"><\/textarea><\/div><\/div><\/div><div class=\"quform-element quform-element-row quform-element-row-5_13 quform-4-columns quform-element-row-size-fixed quform-responsive-columns-phone-landscape\"><div class=\"quform-element quform-element-column quform-element-5_14\"><div class=\"quform-element quform-element-text quform-element-5_11 quform-cf quform-labels-inside quform-element-required\"><div class=\"quform-spacer\"><div class=\"quform-label quform-label-5_11\"><label class=\"quform-label-text\" for=\"quform_5_11_4405ff\">First Name<span class=\"quform-required\">*<\/span><\/label><\/div><div class=\"quform-inner quform-inner-text quform-inner-5_11\"><div class=\"quform-input quform-input-text quform-input-5_11 quform-cf\"><input type=\"text\" id=\"quform_5_11_4405ff\" name=\"quform_5_11\" class=\"quform-field quform-field-text quform-field-5_11\" \/><\/div><\/div><\/div><\/div><\/div><div class=\"quform-element quform-element-column quform-element-5_15\"><div class=\"quform-element quform-element-text quform-element-5_12 quform-cf quform-labels-inside quform-element-required\"><div class=\"quform-spacer\"><div class=\"quform-label quform-label-5_12\"><label class=\"quform-label-text\" for=\"quform_5_12_4405ff\">Last Name<span class=\"quform-required\">*<\/span><\/label><\/div><div class=\"quform-inner quform-inner-text quform-inner-5_12\"><div class=\"quform-input quform-input-text quform-input-5_12 quform-cf\"><input type=\"text\" id=\"quform_5_12_4405ff\" name=\"quform_5_12\" class=\"quform-field quform-field-text quform-field-5_12\" \/><\/div><\/div><\/div><\/div><\/div><div class=\"quform-element quform-element-column quform-element-5_16\"><div class=\"quform-element quform-element-email quform-element-5_7 quform-cf quform-labels-inside quform-element-required\"><div class=\"quform-spacer\"><div class=\"quform-label quform-label-5_7\"><label class=\"quform-label-text\" for=\"quform_5_7_4405ff\">Email<span class=\"quform-required\">*<\/span><\/label><\/div><div class=\"quform-inner quform-inner-email quform-inner-5_7\"><div class=\"quform-input quform-input-email quform-input-5_7 quform-cf\"><input type=\"email\" id=\"quform_5_7_4405ff\" name=\"quform_5_7\" class=\"quform-field quform-field-email quform-field-5_7\" \/><\/div><\/div><\/div><\/div><\/div><div class=\"quform-element quform-element-column quform-element-5_17\"><div class=\"quform-element quform-element-submit quform-element-5_2 quform-cf quform-button-style-theme\"><div class=\"quform-button-submit quform-button-submit-default quform-button-submit-5_2\"><button name=\"quform_submit\" type=\"submit\" class=\"quform-submit\" value=\"submit\"><span class=\"quform-button-text quform-button-submit-text\">subscribe<\/span><\/button><\/div><div class=\"quform-loading quform-loading-position-left quform-loading-type-spinner-1\"><div class=\"quform-loading-inner\"><div class=\"quform-loading-spinner\"><div class=\"quform-loading-spinner-inner\"><\/div><\/div><\/div><\/div><\/div><\/div><\/div><\/div><\/div><\/div><\/div><\/form><\/div>[\/vc_column_text][\/vc_column_inner][\/vc_row_inner][\/vc_column][\/vc_row]<\/p>\n<\/div>","protected":false},"excerpt":{"rendered":"<p>[vc_row full_width=\u00a0\u00bbstretch_row\u00a0\u00bb bg_type=\u00a0\u00bbimage\u00a0\u00bb parallax_style=\u00a0\u00bbvcpb-default\u00a0\u00bb bg_image_new=\u00a0\u00bbid^1744|url^https:\/\/www.beyondbodyimage.com\/wp-content\/uploads\/2022\/10\/podcast-bg.jpg|caption^null|alt^null|title^podcast-bg|description^null\u00a0\u00bb bg_image_repeat=\u00a0\u00bbno-repeat\u00a0\u00bb el_class=\u00a0\u00bbhome-top\u00a0\u00bb][vc_column width=\u00a0\u00bb1\/4&Prime;][vc_column_text] DANS LA PRESSE [\/vc_column_text][\/vc_column][vc_column width=\u00a0\u00bb3\/4&Prime;][\/vc_column][\/vc_row][vc_row el_class=\u00a0\u00bbmedia-items\u00a0\u00bb][vc_column][\/vc_column][\/vc_row][vc_row el_class=\u00a0\u00bbmedia-items\u00a0\u00bb][vc_column width=\u00a0\u00bb1\/3&Prime;][vc_single_image image=\u00a0\u00bb2469&Prime; img_size=\u00a0\u00bbfull\u00a0\u00bb alignment=\u00a0\u00bbcenter\u00a0\u00bb onclick=\u00a0\u00bbcustom_link\u00a0\u00bb img_link_target=\u00a0\u00bb_blank\u00a0\u00bb css=\u00a0\u00bb\u00a0\u00bb link=\u00a0\u00bbhttps:\/\/www.kiffetoncycle.fr\/sommet-autonomie-gynecologique-2025\/\u00a0\u00bb][vc_column_text css=\u00a0\u00bb\u00a0\u00bb] Sommet Autonomie Gyn\u00e9cologique de Kiffe Ton Cycle, Am\u00e9norrh\u00e9e : d\u00e9cryptage de l\u2019absence de r\u00e8gles et solutions [\/vc_column_text][vc_column_text css=\u00a0\u00bb\u00a0\u00bb el_class=\u00a0\u00bbmedia-date\u00a0\u00bb]6 Juin 2025[\/vc_column_text][\/vc_column][vc_column width=\u00a0\u00bb1\/3&Prime;][vc_single_image image=\u00a0\u00bb2220&Prime; img_size=\u00a0\u00bbfull\u00a0\u00bb alignment=\u00a0\u00bbcenter\u00a0\u00bb onclick=\u00a0\u00bbcustom_link\u00a0\u00bb img_link_target=\u00a0\u00bb_blank\u00a0\u00bb css=\u00a0\u00bb\u00a0\u00bb link=\u00a0\u00bbhttps:\/\/www.youtube.com\/watch?v=QJnKIcN9wX4&Prime;][vc_column_text css=\u00a0\u00bb\u00a0\u00bb] Live [&hellip;]<\/p>\n","protected":false},"author":2,"featured_media":0,"parent":0,"menu_order":0,"comment_status":"closed","ping_status":"closed","template":"fullwidth.php","meta":{"_acf_changed":false,"footnotes":""},"class_list":["post-1923","page","type-page","status-publish","hentry"],"acf":[],"aioseo_notices":[],"_links":{"self":[{"href":"https:\/\/www.beyondbodyimage.com\/fr\/wp-json\/wp\/v2\/pages\/1923","targetHints":{"allow":["GET"]}}],"collection":[{"href":"https:\/\/www.beyondbodyimage.com\/fr\/wp-json\/wp\/v2\/pages"}],"about":[{"href":"https:\/\/www.beyondbodyimage.com\/fr\/wp-json\/wp\/v2\/types\/page"}],"author":[{"embeddable":true,"href":"https:\/\/www.beyondbodyimage.com\/fr\/wp-json\/wp\/v2\/users\/2"}],"replies":[{"embeddable":true,"href":"https:\/\/www.beyondbodyimage.com\/fr\/wp-json\/wp\/v2\/comments?post=1923"}],"version-history":[{"count":27,"href":"https:\/\/www.beyondbodyimage.com\/fr\/wp-json\/wp\/v2\/pages\/1923\/revisions"}],"predecessor-version":[{"id":2516,"href":"https:\/\/www.beyondbodyimage.com\/fr\/wp-json\/wp\/v2\/pages\/1923\/revisions\/2516"}],"wp:attachment":[{"href":"https:\/\/www.beyondbodyimage.com\/fr\/wp-json\/wp\/v2\/media?parent=1923"}],"curies":[{"name":"wp","href":"https:\/\/api.w.org\/{rel}","templated":true}]}}