{"id":1918,"date":"2022-11-06T18:42:46","date_gmt":"2022-11-06T14:42:46","guid":{"rendered":"https:\/\/www.beyondbodyimage.com\/?page_id=1918"},"modified":"2025-01-22T17:25:34","modified_gmt":"2025-01-22T13:25:34","slug":"contact","status":"publish","type":"page","link":"https:\/\/www.beyondbodyimage.com\/fr\/contact\/","title":{"rendered":"Contact"},"content":{"rendered":"<div class=\"wpb-content-wrapper\"><p>[vc_row full_width=\u00a0\u00bbstretch_row\u00a0\u00bb bg_type=\u00a0\u00bbimage\u00a0\u00bb parallax_style=\u00a0\u00bbvcpb-default\u00a0\u00bb bg_image_new=\u00a0\u00bbid^1659|url^https:\/\/www.beyondbodyimage.com\/wp-content\/uploads\/2022\/09\/contact-banner.jpg|caption^null|alt^null|title^contact-banner|description^null\u00a0\u00bb bg_image_repeat=\u00a0\u00bbno-repeat\u00a0\u00bb el_class=\u00a0\u00bbhome-top\u00a0\u00bb][vc_column]<div class=\"ult-spacer spacer-69f255c900ee1\" data-id=\"69f255c900ee1\" data-height=\"450\" data-height-mobile=\"400\" data-height-tab=\"500\" data-height-tab-portrait=\"400\" data-height-mobile-landscape=\"400\" style=\"clear:both;display:block;\"><\/div>[\/vc_column][\/vc_row][vc_row full_width=\u00a0\u00bbstretch_row\u00a0\u00bb el_class=\u00a0\u00bbabout-top-banner\u00a0\u00bb][vc_column]<div class=\"ult-spacer spacer-69f255c900f69\" data-id=\"69f255c900f69\" data-height=\"50\" data-height-mobile=\"50\" data-height-tab=\"50\" data-height-tab-portrait=\"50\" data-height-mobile-landscape=\"50\" style=\"clear:both;display:block;\"><\/div>[vc_row_inner][vc_column_inner width=\u00a0\u00bb5\/12&Prime;][vc_column_text el_class=\u00a0\u00bbh-text4&Prime;]CONTACTEZ-MOI[\/vc_column_text][vc_column_text el_class=\u00a0\u00bbfont18&Prime;][\/vc_column_text][vc_column_text css=\u00a0\u00bb\u00a0\u00bb el_class=\u00a0\u00bborange-button\u00a0\u00bb]<a class=\"w100\" href=\"https:\/\/calendly.com\/beyondbodyimage\/decouverte\" target=\"_blank\" rel=\"noopener\">D\u00c9COUVRIR MES ACCOMPAGNEMENTS<\/a>[\/vc_column_text][vc_column_text el_class=\u00a0\u00bborange-button\u00a0\u00bb]<a class=\"w100\" href=\"#newsletter\">ABONNEZ-VOUS \u00c0 MA NEWSLETTER <\/a>[\/vc_column_text][vc_column_text el_class=\u00a0\u00bborange-button\u00a0\u00bb]<a class=\"w100\" href=\"https:\/\/www.instagram.com\/amenorrhee_fr\/\" target=\"_blank\" rel=\"noopener\">DECOUVREZ MON COMPTE INSTAGRAM EN FRAN\u00c7AIS<\/a>[\/vc_column_text][\/vc_column_inner][vc_column_inner width=\u00a0\u00bb7\/12&Prime;][vc_column_text el_class=\u00a0\u00bbfont18 tj pl50&Prime;]Pas pr\u00eat\u00b7e pour une s\u00e9ance de coaching? Remplissez ce formulaire et je vous r\u00e9ponds par email[\/vc_column_text][vc_column_text el_class=\u00a0\u00bbfont18 tj pl50&Prime;]<div id=\"quform-9b0bfe\" class=\"quform quform-4 quform-support-page-caching\"><form id=\"quform-form-9b0bfe\" class=\"quform-form quform-form-4\" action=\"\/fr\/wp-json\/wp\/v2\/pages\/1918#quform-9b0bfe\" method=\"post\" enctype=\"multipart\/form-data\" novalidate=\"novalidate\" data-options=\"{&quot;id&quot;:4,&quot;uniqueId&quot;:&quot;9b0bfe&quot;,&quot;theme&quot;:&quot;&quot;,&quot;ajax&quot;:true,&quot;logic&quot;:{&quot;logic&quot;:[],&quot;dependents&quot;:[],&quot;elementIds&quot;:[],&quot;dependentElementIds&quot;:[],&quot;animate&quot;:true},&quot;currentPageId&quot;:1,&quot;errorsIcon&quot;:&quot;&quot;,&quot;updateFancybox&quot;:true,&quot;hasPages&quot;:false,&quot;pages&quot;:[1],&quot;pageProgressType&quot;:&quot;numbers&quot;,&quot;tooltipsEnabled&quot;:false,&quot;tooltipClasses&quot;:&quot;qtip-quform-dark qtip-shadow&quot;,&quot;tooltipMy&quot;:&quot;left center&quot;,&quot;tooltipAt&quot;:&quot;right center&quot;,&quot;isRtl&quot;:false,&quot;scrollOffset&quot;:-50,&quot;scrollSpeed&quot;:800}\"><button class=\"quform-default-submit\" name=\"quform_submit\" type=\"submit\" value=\"submit\" aria-hidden=\"true\" tabindex=\"-1\"><\/button><div class=\"quform-form-inner quform-form-inner-4\"><input type=\"hidden\" name=\"quform_form_id\" value=\"4\" \/><input type=\"hidden\" name=\"quform_form_uid\" value=\"9b0bfe\" \/><input type=\"hidden\" name=\"quform_count\" value=\"1\" \/><input type=\"hidden\" name=\"form_url\" value=\"https:\/\/www.beyondbodyimage.com\/fr\/wp-json\/wp\/v2\/pages\/1918\" \/><input type=\"hidden\" name=\"referring_url\" value=\"\" \/><input type=\"hidden\" name=\"post_id\" value=\"\" \/><input type=\"hidden\" name=\"post_title\" value=\"\" \/><input type=\"hidden\" name=\"quform_current_page_id\" value=\"1\" \/><input type=\"hidden\" name=\"quform_loaded\" value=\"1777489353|eedec7729399b0fe08eee7e2a7880de0\" \/><input type=\"hidden\" name=\"quform_csrf_token\" value=\"x7FOXPmQJGdI8y5bdgwZ8zX8Tyn5qqapt9jQBFz2\" \/><div class=\"quform-elements quform-elements-4 quform-cf quform-responsive-elements-phone-landscape\"><div class=\"quform-element quform-element-page quform-page-1 quform-page-4_1 quform-cf quform-group-style-plain quform-first-page quform-last-page quform-current-page\"><div class=\"quform-child-elements\"><div class=\"quform-element quform-element-textarea quform-element-4_288259 quform-sr-only quform-cf\" style=\"clip: rect(1px, 1px, 1px, 1px); clip-path: inset(50%); position: absolute !important; height: 1px; width: 1px; overflow: hidden;\"><div class=\"quform-spacer\"><div class=\"quform-label quform-label-4_288259\"><label class=\"quform-label-text\" for=\"quform_4_288259_9b0bfe\">Company Name<span class=\"quform-required\">*<\/span><\/label><\/div><div class=\"quform-inner quform-inner-4_288259\"><textarea id=\"quform_4_288259_9b0bfe\" name=\"quform_4_288259\" class=\"quform-field quform-field-textarea quform-field-4_288259\" tabindex=\"-1\" autocomplete=\"new-password\"><\/textarea><\/div><\/div><\/div><div class=\"quform-element quform-element-row quform-element-row-4_25 quform-2-columns quform-element-row-size-fixed quform-responsive-columns-phone-landscape\"><div class=\"quform-element quform-element-column quform-element-4_26\"><div class=\"quform-element quform-element-text quform-element-4_3 quform-cf quform-labels-inside quform-element-required\"><div class=\"quform-spacer\"><div class=\"quform-inner quform-inner-text quform-inner-4_3\"><div class=\"quform-input quform-input-text quform-input-4_3 quform-cf\"><input type=\"text\" id=\"quform_4_3_9b0bfe\" name=\"quform_4_3\" class=\"quform-field quform-field-text quform-field-4_3\" placeholder=\"VOTRE NOM\" \/><\/div><\/div><\/div><\/div><div class=\"quform-element quform-element-text quform-element-4_6 quform-cf quform-labels-inside quform-element-required\"><div class=\"quform-spacer\"><div class=\"quform-inner quform-inner-text quform-inner-4_6\"><div class=\"quform-input quform-input-text quform-input-4_6 quform-cf\"><input type=\"text\" id=\"quform_4_6_9b0bfe\" name=\"quform_4_6\" class=\"quform-field quform-field-text quform-field-4_6\" placeholder=\"VOTRE NUMERO DE MOBILE\" \/><\/div><\/div><\/div><\/div><\/div><div class=\"quform-element quform-element-column quform-element-4_27\"><div class=\"quform-element quform-element-email quform-element-4_5 quform-cf quform-labels-inside quform-element-required\"><div class=\"quform-spacer\"><div class=\"quform-inner quform-inner-email quform-inner-4_5\"><div class=\"quform-input quform-input-email quform-input-4_5 quform-cf\"><input type=\"email\" id=\"quform_4_5_9b0bfe\" name=\"quform_4_5\" class=\"quform-field quform-field-email quform-field-4_5\" placeholder=\"VOTRE ADRESSE EMAIL\" \/><\/div><\/div><\/div><\/div><div class=\"quform-element quform-element-date quform-element-4_12 quform-cf quform-labels-inside quform-element-required\"><div class=\"quform-spacer\"><div class=\"quform-inner quform-inner-date quform-inner-4_12\"><div class=\"quform-input quform-input-date quform-input-4_12 quform-cf quform-has-field-icon-right\"><input type=\"text\" id=\"quform_4_12_9b0bfe\" name=\"quform_4_12\" class=\"quform-field quform-field-date quform-field-4_12\" placeholder=\"YYYY-MM-DD\" data-options=\"{&quot;format&quot;:&quot;dd\\\/MM\\\/yyyy&quot;,&quot;min&quot;:&quot;&quot;,&quot;max&quot;:&quot;&quot;,&quot;start&quot;:&quot;month&quot;,&quot;depth&quot;:&quot;month&quot;,&quot;showFooter&quot;:false,&quot;locale&quot;:&quot;en-US&quot;,&quot;placeholder&quot;:&quot;VOTRE DATE DE NAISSANCE&quot;,&quot;autoOpen&quot;:false,&quot;identifier&quot;:&quot;4_12&quot;}\" \/><span class=\"quform-field-icon quform-field-icon-right\"><i class=\"qicon-calendar\"><\/i><\/span><\/div><\/div><\/div><\/div><\/div><\/div><div class=\"quform-element quform-element-multiselect quform-element-4_33 quform-cf quform-element-required\"><div class=\"quform-spacer\"><div class=\"quform-inner quform-inner-multiselect quform-inner-4_33\"><label id=\"quform_4_33_9b0bfe_sub_label_above\" class=\"quform-sub-label quform-sub-label-above\">SUJET DE VOTRE QUESTION<\/label><div class=\"quform-input quform-input-multiselect quform-input-4_33 quform-cf\"><select id=\"quform_4_33_9b0bfe\" name=\"quform_4_33[]\" class=\"quform-field quform-field-multiselect quform-field-4_33\" multiple><option value=\"COACHING PRIV\u00c9\">COACHING PRIV\u00c9<\/option><option value=\"PR\u00c9SENTATION EN MILIEU SCOLAIRE\">PR\u00c9SENTATION EN MILIEU SCOLAIRE<\/option><option value=\"BIEN-\u00caTRE EN ENTREPRISE\">BIEN-\u00caTRE EN ENTREPRISE<\/option><\/select><\/div><\/div><\/div><\/div><div class=\"quform-element quform-element-text quform-element-4_23 quform-cf quform-labels-inside quform-element-required\"><div class=\"quform-spacer\"><div class=\"quform-inner quform-inner-text quform-inner-4_23\"><div class=\"quform-input quform-input-text quform-input-4_23 quform-cf\"><input type=\"text\" id=\"quform_4_23_9b0bfe\" name=\"quform_4_23\" class=\"quform-field quform-field-text quform-field-4_23\" placeholder=\"EN QUOI PUIS-JE VOUS AIDER?\" \/><\/div><\/div><\/div><\/div><div class=\"quform-element quform-element-row quform-element-row-4_28 quform-2-columns quform-element-row-size-fixed quform-responsive-columns-phone-landscape\"><div class=\"quform-element quform-element-column quform-element-4_29\"><div class=\"quform-element quform-element-html quform-element-4_31 quform-cf\"><div class=\"quform-spacer\"><br><div class=\"pr50\">NB: Votre confidentialit\u00e9 m'est pr\u00e9cieuse. Je ne partagerai  JAMAIS vos coordonn\u00e9es avec qui que ce soit, sans votre permission pr\u00e9alable.<\/div><\/div><\/div><\/div><div class=\"quform-element quform-element-column quform-element-4_30\"><div class=\"quform-element quform-element-html quform-element-4_32 quform-cf\"><div class=\"quform-spacer\"><br><\/div><\/div><div class=\"quform-element quform-element-submit quform-element-4_2 quform-cf quform-button-style-theme\"><div class=\"quform-button-submit quform-button-submit-default quform-button-submit-4_2\"><button name=\"quform_submit\" type=\"submit\" class=\"quform-submit\" value=\"submit\"><span class=\"quform-button-text quform-button-submit-text\">Soumettre<\/span><\/button><\/div><div class=\"quform-loading quform-loading-position-left quform-loading-type-spinner-1\"><div class=\"quform-loading-inner\"><div class=\"quform-loading-spinner\"><div class=\"quform-loading-spinner-inner\"><\/div><\/div><\/div><\/div><\/div><\/div><\/div><\/div><\/div><\/div><\/div><\/form><\/div>[\/vc_column_text][\/vc_column_inner][\/vc_row_inner][\/vc_column][\/vc_row][vc_row][vc_column]<div class=\"ult-spacer spacer-69f255c908949\" data-id=\"69f255c908949\" data-height=\"50\" data-height-mobile=\"50\" data-height-tab=\"50\" data-height-tab-portrait=\"50\" data-height-mobile-landscape=\"50\" style=\"clear:both;display:block;\"><\/div>[\/vc_column][\/vc_row][vc_row full_width=\u00a0\u00bbstretch_row\u00a0\u00bb bg_type=\u00a0\u00bbimage\u00a0\u00bb parallax_style=\u00a0\u00bbvcpb-default\u00a0\u00bb bg_image_new=\u00a0\u00bbid^1669|url^https:\/\/www.beyondbodyimage.com\/wp-content\/uploads\/2022\/09\/about3.png|caption^null|alt^null|title^about3|description^null\u00a0\u00bb bg_image_repeat=\u00a0\u00bbno-repeat\u00a0\u00bb el_class=\u00a0\u00bbyellow-bg\u00a0\u00bb][vc_column]<div class=\"ult-spacer spacer-69f255c90899f\" data-id=\"69f255c90899f\" data-height=\"40\" data-height-mobile=\"25\" data-height-tab=\"25\" data-height-tab-portrait=\"25\" data-height-mobile-landscape=\"25\" style=\"clear:both;display:block;\"><\/div>[vc_row_inner el_id=\u00a0\u00bbnewsletter\u00a0\u00bb][vc_column_inner][vc_column_text el_class=\u00a0\u00bbpara tc\u00a0\u00bb]<span class=\"newsletter-title\">Je m\u2019abonne<\/span> \u00e0 la newsletter[\/vc_column_text][vc_column_text]<div id=\"quform-b69848\" class=\"quform quform-7 quform-support-page-caching quform-errors-absolute\"><form id=\"quform-form-b69848\" class=\"quform-form quform-form-7\" action=\"\/fr\/wp-json\/wp\/v2\/pages\/1918#quform-b69848\" method=\"post\" enctype=\"multipart\/form-data\" novalidate=\"novalidate\" data-options=\"{&quot;id&quot;:7,&quot;uniqueId&quot;:&quot;b69848&quot;,&quot;theme&quot;:&quot;&quot;,&quot;ajax&quot;:true,&quot;logic&quot;:{&quot;logic&quot;:[],&quot;dependents&quot;:[],&quot;elementIds&quot;:[],&quot;dependentElementIds&quot;:[],&quot;animate&quot;:false},&quot;currentPageId&quot;:1,&quot;errorsIcon&quot;:&quot;&quot;,&quot;updateFancybox&quot;:true,&quot;hasPages&quot;:false,&quot;pages&quot;:[1],&quot;pageProgressType&quot;:&quot;numbers&quot;,&quot;tooltipsEnabled&quot;:false,&quot;tooltipClasses&quot;:&quot;qtip-quform-dark qtip-shadow&quot;,&quot;tooltipMy&quot;:&quot;left center&quot;,&quot;tooltipAt&quot;:&quot;right center&quot;,&quot;isRtl&quot;:false,&quot;scrollOffset&quot;:-50,&quot;scrollSpeed&quot;:800}\"><button class=\"quform-default-submit\" name=\"quform_submit\" type=\"submit\" value=\"submit\" aria-hidden=\"true\" tabindex=\"-1\"><\/button><div class=\"quform-form-inner quform-form-inner-7\"><input type=\"hidden\" name=\"quform_form_id\" value=\"7\" \/><input type=\"hidden\" name=\"quform_form_uid\" value=\"b69848\" \/><input type=\"hidden\" name=\"quform_count\" value=\"2\" \/><input type=\"hidden\" name=\"form_url\" value=\"https:\/\/www.beyondbodyimage.com\/fr\/wp-json\/wp\/v2\/pages\/1918\" \/><input type=\"hidden\" name=\"referring_url\" value=\"\" \/><input type=\"hidden\" name=\"post_id\" value=\"\" \/><input type=\"hidden\" name=\"post_title\" value=\"\" \/><input type=\"hidden\" name=\"quform_current_page_id\" value=\"1\" \/><input type=\"hidden\" name=\"quform_loaded\" value=\"1777489353|eedec7729399b0fe08eee7e2a7880de0\" \/><input type=\"hidden\" name=\"quform_csrf_token\" value=\"x7FOXPmQJGdI8y5bdgwZ8zX8Tyn5qqapt9jQBFz2\" \/><div class=\"quform-elements quform-elements-7 quform-cf quform-responsive-elements-phone-landscape\"><div class=\"quform-element quform-element-page quform-page-1 quform-page-7_1 quform-cf quform-group-style-plain quform-first-page quform-last-page quform-current-page\"><div class=\"quform-child-elements\"><div class=\"quform-element quform-element-row quform-element-row-7_13 quform-4-columns quform-element-row-size-fixed quform-responsive-columns-phone-landscape\"><div class=\"quform-element quform-element-column quform-element-7_14\"><div class=\"quform-element quform-element-text quform-element-7_11 quform-cf quform-labels-inside quform-element-required\"><div class=\"quform-spacer\"><div class=\"quform-label quform-label-7_11\"><label class=\"quform-label-text\" for=\"quform_7_11_b69848\">Pr\u00e9nom<span class=\"quform-required\">*<\/span><\/label><\/div><div class=\"quform-inner quform-inner-text quform-inner-7_11\"><div class=\"quform-input quform-input-text quform-input-7_11 quform-cf\"><input type=\"text\" id=\"quform_7_11_b69848\" name=\"quform_7_11\" class=\"quform-field quform-field-text quform-field-7_11\" \/><\/div><\/div><\/div><\/div><\/div><div class=\"quform-element quform-element-column quform-element-7_15\"><div class=\"quform-element quform-element-text quform-element-7_12 quform-cf quform-labels-inside quform-element-optional\"><div class=\"quform-spacer\"><div class=\"quform-label quform-label-7_12\"><label class=\"quform-label-text\" for=\"quform_7_12_b69848\">Nom de famille<\/label><\/div><div class=\"quform-inner quform-inner-text quform-inner-7_12\"><div class=\"quform-input quform-input-text quform-input-7_12 quform-cf\"><input type=\"text\" id=\"quform_7_12_b69848\" name=\"quform_7_12\" class=\"quform-field quform-field-text quform-field-7_12\" \/><\/div><\/div><\/div><\/div><\/div><div class=\"quform-element quform-element-column quform-element-7_16\"><div class=\"quform-element quform-element-email quform-element-7_7 quform-cf quform-labels-inside quform-element-required\"><div class=\"quform-spacer\"><div class=\"quform-label quform-label-7_7\"><label class=\"quform-label-text\" for=\"quform_7_7_b69848\">Email<span class=\"quform-required\">*<\/span><\/label><\/div><div class=\"quform-inner quform-inner-email quform-inner-7_7\"><div class=\"quform-input quform-input-email quform-input-7_7 quform-cf\"><input type=\"email\" id=\"quform_7_7_b69848\" name=\"quform_7_7\" class=\"quform-field quform-field-email quform-field-7_7\" \/><\/div><\/div><\/div><\/div><\/div><div class=\"quform-element quform-element-column quform-element-7_17\"><div class=\"quform-element quform-element-submit quform-element-7_2 quform-cf quform-button-style-theme\"><div class=\"quform-button-submit quform-button-submit-default quform-button-submit-7_2\"><button name=\"quform_submit\" type=\"submit\" class=\"quform-submit\" value=\"submit\"><span class=\"quform-button-text quform-button-submit-text\">abonnez-vous<\/span><\/button><\/div><div class=\"quform-loading quform-loading-position-left quform-loading-type-spinner-1\"><div class=\"quform-loading-inner\"><div class=\"quform-loading-spinner\"><div class=\"quform-loading-spinner-inner\"><\/div><\/div><\/div><\/div><\/div><\/div><\/div><div class=\"quform-element quform-element-textarea quform-element-7_514574 quform-sr-only quform-cf\" style=\"clip: rect(1px, 1px, 1px, 1px); clip-path: inset(50%); position: absolute !important; height: 1px; width: 1px; overflow: hidden;\"><div class=\"quform-spacer\"><div class=\"quform-label quform-label-7_514574\"><label class=\"quform-label-text\" for=\"quform_7_514574_b69848\">Your Website<span class=\"quform-required\">*<\/span><\/label><\/div><div class=\"quform-inner quform-inner-7_514574\"><textarea id=\"quform_7_514574_b69848\" name=\"quform_7_514574\" class=\"quform-field quform-field-textarea quform-field-7_514574\" tabindex=\"-1\" autocomplete=\"new-password\"><\/textarea><\/div><\/div><\/div><\/div><\/div><\/div><\/div><\/form><\/div>[\/vc_column_text][\/vc_column_inner][\/vc_row_inner][\/vc_column][\/vc_row]<\/p>\n<\/div>","protected":false},"excerpt":{"rendered":"<p>[vc_row full_width=\u00a0\u00bbstretch_row\u00a0\u00bb bg_type=\u00a0\u00bbimage\u00a0\u00bb parallax_style=\u00a0\u00bbvcpb-default\u00a0\u00bb bg_image_new=\u00a0\u00bbid^1659|url^https:\/\/www.beyondbodyimage.com\/wp-content\/uploads\/2022\/09\/contact-banner.jpg|caption^null|alt^null|title^contact-banner|description^null\u00a0\u00bb bg_image_repeat=\u00a0\u00bbno-repeat\u00a0\u00bb el_class=\u00a0\u00bbhome-top\u00a0\u00bb][vc_column][\/vc_column][\/vc_row][vc_row full_width=\u00a0\u00bbstretch_row\u00a0\u00bb el_class=\u00a0\u00bbabout-top-banner\u00a0\u00bb][vc_column][vc_row_inner][vc_column_inner width=\u00a0\u00bb5\/12&Prime;][vc_column_text el_class=\u00a0\u00bbh-text4&Prime;]CONTACTEZ-MOI[\/vc_column_text][vc_column_text el_class=\u00a0\u00bbfont18&Prime;][\/vc_column_text][vc_column_text css=\u00a0\u00bb\u00a0\u00bb el_class=\u00a0\u00bborange-button\u00a0\u00bb]D\u00c9COUVRIR MES ACCOMPAGNEMENTS[\/vc_column_text][vc_column_text el_class=\u00a0\u00bborange-button\u00a0\u00bb]ABONNEZ-VOUS \u00c0 MA NEWSLETTER [\/vc_column_text][vc_column_text el_class=\u00a0\u00bborange-button\u00a0\u00bb]DECOUVREZ MON COMPTE INSTAGRAM EN FRAN\u00c7AIS[\/vc_column_text][\/vc_column_inner][vc_column_inner width=\u00a0\u00bb7\/12&Prime;][vc_column_text el_class=\u00a0\u00bbfont18 tj pl50&Prime;]Pas pr\u00eat\u00b7e pour une s\u00e9ance de coaching? Remplissez ce formulaire et je vous r\u00e9ponds par email[\/vc_column_text][vc_column_text el_class=\u00a0\u00bbfont18 tj pl50&Prime;][\/vc_column_text][\/vc_column_inner][\/vc_row_inner][\/vc_column][\/vc_row][vc_row][vc_column][\/vc_column][\/vc_row][vc_row full_width=\u00a0\u00bbstretch_row\u00a0\u00bb bg_type=\u00a0\u00bbimage\u00a0\u00bb parallax_style=\u00a0\u00bbvcpb-default\u00a0\u00bb bg_image_new=\u00a0\u00bbid^1669|url^https:\/\/www.beyondbodyimage.com\/wp-content\/uploads\/2022\/09\/about3.png|caption^null|alt^null|title^about3|description^null\u00a0\u00bb bg_image_repeat=\u00a0\u00bbno-repeat\u00a0\u00bb el_class=\u00a0\u00bbyellow-bg\u00a0\u00bb][vc_column][vc_row_inner [&hellip;]<\/p>\n","protected":false},"author":3,"featured_media":0,"parent":0,"menu_order":0,"comment_status":"closed","ping_status":"closed","template":"fullwidth.php","meta":{"_acf_changed":false,"footnotes":""},"class_list":["post-1918","page","type-page","status-publish","hentry"],"acf":[],"aioseo_notices":[],"_links":{"self":[{"href":"https:\/\/www.beyondbodyimage.com\/fr\/wp-json\/wp\/v2\/pages\/1918","targetHints":{"allow":["GET"]}}],"collection":[{"href":"https:\/\/www.beyondbodyimage.com\/fr\/wp-json\/wp\/v2\/pages"}],"about":[{"href":"https:\/\/www.beyondbodyimage.com\/fr\/wp-json\/wp\/v2\/types\/page"}],"author":[{"embeddable":true,"href":"https:\/\/www.beyondbodyimage.com\/fr\/wp-json\/wp\/v2\/users\/3"}],"replies":[{"embeddable":true,"href":"https:\/\/www.beyondbodyimage.com\/fr\/wp-json\/wp\/v2\/comments?post=1918"}],"version-history":[{"count":10,"href":"https:\/\/www.beyondbodyimage.com\/fr\/wp-json\/wp\/v2\/pages\/1918\/revisions"}],"predecessor-version":[{"id":2449,"href":"https:\/\/www.beyondbodyimage.com\/fr\/wp-json\/wp\/v2\/pages\/1918\/revisions\/2449"}],"wp:attachment":[{"href":"https:\/\/www.beyondbodyimage.com\/fr\/wp-json\/wp\/v2\/media?parent=1918"}],"curies":[{"name":"wp","href":"https:\/\/api.w.org\/{rel}","templated":true}]}}