{"id":1911,"date":"2022-11-06T18:22:29","date_gmt":"2022-11-06T14:22:29","guid":{"rendered":"https:\/\/www.beyondbodyimage.com\/?page_id=1911"},"modified":"2025-01-22T17:21:13","modified_gmt":"2025-01-22T13:21:13","slug":"a-propos","status":"publish","type":"page","link":"https:\/\/www.beyondbodyimage.com\/fr\/a-propos\/","title":{"rendered":"\u00c0 Propos"},"content":{"rendered":"<div class=\"wpb-content-wrapper\"><p>[vc_row full_width=\u00a0\u00bbstretch_row\u00a0\u00bb bg_type=\u00a0\u00bbimage\u00a0\u00bb parallax_style=\u00a0\u00bbvcpb-default\u00a0\u00bb bg_image_new=\u00a0\u00bbid^1657|url^https:\/\/www.beyondbodyimage.com\/wp-content\/uploads\/2022\/09\/about-banner.jpg|caption^null|alt^null|title^about-banner|description^null\u00a0\u00bb bg_image_repeat=\u00a0\u00bbno-repeat\u00a0\u00bb el_class=\u00a0\u00bbhome-top\u00a0\u00bb][vc_column width=\u00a0\u00bb2\/3&Prime;][\/vc_column][vc_column width=\u00a0\u00bb1\/3&Prime;]<div class=\"ult-spacer spacer-69da163b04532\" data-id=\"69da163b04532\" data-height=\"50\" data-height-mobile=\"100\" data-height-tab=\"100\" data-height-tab-portrait=\"100\" data-height-mobile-landscape=\"100\" style=\"clear:both;display:block;\"><\/div>[vc_column_text]<\/p>\n<div class=\"h-text1\">SE SENTIR BIEN DANS SON CORPS<\/div>\n<div class=\"h-text2\">C&rsquo;est possible!<\/div>\n<p>[\/vc_column_text]<div class=\"ult-spacer spacer-69da163b045e2\" data-id=\"69da163b045e2\" data-height=\"50\" data-height-mobile=\"0\" data-height-tab=\"100\" data-height-tab-portrait=\"100\" data-height-mobile-landscape=\"0\" style=\"clear:both;display:block;\"><\/div>[\/vc_column][\/vc_row][vc_row full_width=\u00a0\u00bbstretch_row\u00a0\u00bb el_class=\u00a0\u00bbabout-top-banner\u00a0\u00bb][vc_column]<div class=\"ult-spacer spacer-69da163b04632\" data-id=\"69da163b04632\" data-height=\"100\" data-height-mobile=\"50\" data-height-tab=\"50\" data-height-tab-portrait=\"50\" data-height-mobile-landscape=\"50\" style=\"clear:both;display:block;\"><\/div>[vc_row_inner][vc_column_inner width=\u00a0\u00bb1\/2&Prime;][vc_column_text el_class=\u00a0\u00bbfont18 tj pr50&Prime;]Mon nom est Florence Gillet. J&rsquo;ai pass\u00e9 une grande partie de ma vie \u00e0 croire que ma valeur d\u00e9pendait de mon apparence et de la fa\u00e7on dont les autres me percevaient.<\/p>\n<p>J&rsquo;\u00e9tais constamment anxieuse, je me sentais seule, je d\u00e9testais mon apparence et j&rsquo;\u00e9tais obnubil\u00e9e par la nourriture et le sport.<\/p>\n<p>\u00c0 l&rsquo;\u00e2ge de 35 ans, une s\u00e9rie de mini-crises personnelles m&rsquo;a amen\u00e9e \u00e0 entamer une psychoth\u00e9rapie et c&rsquo;est l\u00e0 qu&rsquo;a commenc\u00e9 le travail de construction d&rsquo;une image corporelle positive. Apr\u00e8s avoir suivi une psychoth\u00e9rapie pour l&rsquo;anxi\u00e9t\u00e9, j&rsquo;ai travaill\u00e9 sur l&rsquo;acceptation du corps et l&rsquo;abandon des r\u00e9gimes avec une coach sp\u00e9cialis\u00e9e et un di\u00e9t\u00e9ticien.[\/vc_column_text][\/vc_column_inner][vc_column_inner width=\u00a0\u00bb1\/2&Prime;][vc_column_text el_class=\u00a0\u00bbfont18 tj pl50&Prime;]En 2018, j&rsquo;ai \u00e9t\u00e9 certifi\u00e9e en tant que Coach en Nutrition Corps-Esprit par l&rsquo;<a href=\"https:\/\/psychologyofeating.com\/\">Institut de Psychologie de l&rsquo;Alimentation<\/a>. La m\u00eame ann\u00e9e, je m&rsquo;engage comme Responsable b\u00e9n\u00e9vole de la Communication pour une ONG de sensibilisation aux TCA, appell\u00e9e\u00a0 \u00ab\u00a0<a href=\"https:\/\/meeda.me\/\">Middle East Eating Disorders Association<\/a>\u00ab\u00a0.<\/p>\n<p>Depuis, j&rsquo;ai continu\u00e9 \u00e0 me former dans plusieurs domaines touchant \u00e0 l&rsquo;image corporelle, notamment la pleine conscience et la m\u00e9ditation. J&rsquo;ai suivi une th\u00e9rapie cognitivo-comportementale et une formation de huit semaines sur l&rsquo;auto-compassion. J&rsquo;ai \u00e9galement investi des efforts consid\u00e9rables dans l&rsquo;apprentissage de techniques parentales positives.<\/p>\n<p>En 2021, j&rsquo;ai \u00e9t\u00e9 form\u00e9e \u00e0 l&rsquo;auto-assistance guid\u00e9e pour le trouble de l&rsquo;hyperphagie boulimique, une forme simplifi\u00e9e de th\u00e9rapie cognitivo-comportementale.[\/vc_column_text][\/vc_column_inner][\/vc_row_inner][\/vc_column][\/vc_row][vc_row][vc_column]<div class=\"ult-spacer spacer-69da163b0468a\" data-id=\"69da163b0468a\" data-height=\"100\" data-height-mobile=\"50\" data-height-tab=\"50\" data-height-tab-portrait=\"50\" data-height-mobile-landscape=\"50\" style=\"clear:both;display:block;\"><\/div>[\/vc_column][\/vc_row][vc_row full_width=\u00a0\u00bbstretch_row\u00a0\u00bb el_class=\u00a0\u00bbabout-orange\u00a0\u00bb][vc_column el_class=\u00a0\u00bbipad-full-width\u00a0\u00bb]<div class=\"ult-spacer spacer-69da163b046d7\" data-id=\"69da163b046d7\" data-height=\"50\" data-height-mobile=\"20\" data-height-tab=\"20\" data-height-tab-portrait=\"20\" data-height-mobile-landscape=\"20\" style=\"clear:both;display:block;\"><\/div>[vc_column_text el_class=\u00a0\u00bbh-text4 tc\u00a0\u00bb]MON TRAVAIL DE COACH[\/vc_column_text][vc_row_inner][vc_column_inner width=\u00a0\u00bb1\/2&Prime;][vc_column_text el_class=\u00a0\u00bbtj font18&Prime;]Mon approche du coaching aborde les troubles du comportement alimentaire et de l\u2019image corporelle sans jugement et de mani\u00e8re concr\u00e8te, o\u00f9 il est alors possible d\u2019explorer certaines des dimensions personnelles qui ont un impact sur notre fa\u00e7on de nous alimenter, notre poids, notre sant\u00e9.<\/p>\n<p>En travaillant sur les domaines les plus pertinents pour VOUS, ce coaching d\u00e9samorce les difficult\u00e9s les plus importantes en gu\u00e9rison et vous apprend des principes et des strat\u00e9gies enrichissantes, \u00e0 impl\u00e9menter \u00e0 long terme, afin d\u2019obtenir des r\u00e9sultats durables, dans une approche positive.[\/vc_column_text][\/vc_column_inner][vc_column_inner width=\u00a0\u00bb1\/2&Prime;][vc_column_text el_class=\u00a0\u00bbtj font18&Prime;]Ensemble, nous allons abandonner vos objectifs d&rsquo;apparence, pour vous offrir la libert\u00e9 alimentaire et la neutralit\u00e9 corporelle.<\/p>\n<p>Vous aurez alors le loisir de vous reconnecter \u00e0 ce qui compte vraiment dans votre vie, pour vivre pleinement et rayonner cette \u00e9nergie autour de vous.<\/p>\n<p>\u00cates-vous pr\u00eat\u00b7e \u00e0 abandonner vos complexes pour toujours?[\/vc_column_text][\/vc_column_inner][\/vc_row_inner]<div class=\"ult-spacer spacer-69da163b0471a\" data-id=\"69da163b0471a\" data-height=\"50\" data-height-mobile=\"20\" data-height-tab=\"20\" data-height-tab-portrait=\"20\" data-height-mobile-landscape=\"20\" style=\"clear:both;display:block;\"><\/div>[vc_column_text css=\u00a0\u00bb\u00a0\u00bb el_class=\u00a0\u00bbblue-button tc\u00a0\u00bb]<a href=\"https:\/\/calendly.com\/beyondbodyimage\/decouverte\" target=\"_blank\" rel=\"noopener\">D\u00c9COUVRIR MES ACCOMPAGNEMENTS<\/a>[\/vc_column_text]<div class=\"ult-spacer spacer-69da163b04758\" data-id=\"69da163b04758\" data-height=\"50\" data-height-mobile=\"20\" data-height-tab=\"20\" data-height-tab-portrait=\"20\" data-height-mobile-landscape=\"20\" style=\"clear:both;display:block;\"><\/div>[\/vc_column][\/vc_row][vc_row][vc_column]<div class=\"ult-spacer spacer-69da163b04795\" data-id=\"69da163b04795\" data-height=\"40\" data-height-mobile=\"25\" data-height-tab=\"25\" data-height-tab-portrait=\"25\" data-height-mobile-landscape=\"25\" style=\"clear:both;display:block;\"><\/div>[\/vc_column][\/vc_row][vc_row full_width=\u00a0\u00bbstretch_row\u00a0\u00bb bg_type=\u00a0\u00bbimage\u00a0\u00bb parallax_style=\u00a0\u00bbvcpb-default\u00a0\u00bb bg_image_new=\u00a0\u00bbid^1669|url^https:\/\/www.beyondbodyimage.com\/wp-content\/uploads\/2022\/09\/about3.png|caption^null|alt^null|title^about3|description^null\u00a0\u00bb bg_image_repeat=\u00a0\u00bbno-repeat\u00a0\u00bb el_class=\u00a0\u00bbyellow-bg\u00a0\u00bb][vc_column]<div class=\"ult-spacer spacer-69da163b047d1\" data-id=\"69da163b047d1\" data-height=\"40\" data-height-mobile=\"25\" data-height-tab=\"25\" data-height-tab-portrait=\"25\" data-height-mobile-landscape=\"25\" style=\"clear:both;display:block;\"><\/div>[vc_row_inner][vc_column_inner][vc_column_text el_class=\u00a0\u00bbpara tc\u00a0\u00bb]<span class=\"newsletter-title\">Je m\u2019abonne<\/span> \u00e0 la newsletter[\/vc_column_text][vc_column_text]<div id=\"quform-853e76\" class=\"quform quform-7 quform-support-page-caching quform-errors-absolute\"><form id=\"quform-form-853e76\" class=\"quform-form quform-form-7\" action=\"\/fr\/wp-json\/wp\/v2\/pages\/1911#quform-853e76\" method=\"post\" enctype=\"multipart\/form-data\" novalidate=\"novalidate\" data-options=\"{&quot;id&quot;:7,&quot;uniqueId&quot;:&quot;853e76&quot;,&quot;theme&quot;:&quot;&quot;,&quot;ajax&quot;:true,&quot;logic&quot;:{&quot;logic&quot;:[],&quot;dependents&quot;:[],&quot;elementIds&quot;:[],&quot;dependentElementIds&quot;:[],&quot;animate&quot;:false},&quot;currentPageId&quot;:1,&quot;errorsIcon&quot;:&quot;&quot;,&quot;updateFancybox&quot;:true,&quot;hasPages&quot;:false,&quot;pages&quot;:[1],&quot;pageProgressType&quot;:&quot;numbers&quot;,&quot;tooltipsEnabled&quot;:false,&quot;tooltipClasses&quot;:&quot;qtip-quform-dark qtip-shadow&quot;,&quot;tooltipMy&quot;:&quot;left center&quot;,&quot;tooltipAt&quot;:&quot;right center&quot;,&quot;isRtl&quot;:false,&quot;scrollOffset&quot;:-50,&quot;scrollSpeed&quot;:800}\"><button class=\"quform-default-submit\" name=\"quform_submit\" type=\"submit\" value=\"submit\" aria-hidden=\"true\" tabindex=\"-1\"><\/button><div class=\"quform-form-inner quform-form-inner-7\"><input type=\"hidden\" name=\"quform_form_id\" value=\"7\" \/><input type=\"hidden\" name=\"quform_form_uid\" value=\"853e76\" \/><input type=\"hidden\" name=\"quform_count\" value=\"1\" \/><input type=\"hidden\" name=\"form_url\" value=\"https:\/\/www.beyondbodyimage.com\/fr\/wp-json\/wp\/v2\/pages\/1911\" \/><input type=\"hidden\" name=\"referring_url\" value=\"\" \/><input type=\"hidden\" name=\"post_id\" value=\"\" \/><input type=\"hidden\" name=\"post_title\" value=\"\" \/><input type=\"hidden\" name=\"quform_current_page_id\" value=\"1\" \/><input type=\"hidden\" name=\"quform_loaded\" value=\"1775900219|3e6b08393e058bd31abe4fd2297493a7\" \/><input type=\"hidden\" name=\"quform_csrf_token\" value=\"q85Rqq0tiKGeAiysWU4ExJq07QiCdjLDnqNYaGZB\" \/><div class=\"quform-elements quform-elements-7 quform-cf quform-responsive-elements-phone-landscape\"><div class=\"quform-element quform-element-page quform-page-1 quform-page-7_1 quform-cf quform-group-style-plain quform-first-page quform-last-page quform-current-page\"><div class=\"quform-child-elements\"><div class=\"quform-element quform-element-row quform-element-row-7_13 quform-4-columns quform-element-row-size-fixed quform-responsive-columns-phone-landscape\"><div class=\"quform-element quform-element-column quform-element-7_14\"><div class=\"quform-element quform-element-text quform-element-7_11 quform-cf quform-labels-inside quform-element-required\"><div class=\"quform-spacer\"><div class=\"quform-label quform-label-7_11\"><label class=\"quform-label-text\" for=\"quform_7_11_853e76\">Pr\u00e9nom<span class=\"quform-required\">*<\/span><\/label><\/div><div class=\"quform-inner quform-inner-text quform-inner-7_11\"><div class=\"quform-input quform-input-text quform-input-7_11 quform-cf\"><input type=\"text\" id=\"quform_7_11_853e76\" name=\"quform_7_11\" class=\"quform-field quform-field-text quform-field-7_11\" \/><\/div><\/div><\/div><\/div><\/div><div class=\"quform-element quform-element-column quform-element-7_15\"><div class=\"quform-element quform-element-text quform-element-7_12 quform-cf quform-labels-inside quform-element-optional\"><div class=\"quform-spacer\"><div class=\"quform-label quform-label-7_12\"><label class=\"quform-label-text\" for=\"quform_7_12_853e76\">Nom de famille<\/label><\/div><div class=\"quform-inner quform-inner-text quform-inner-7_12\"><div class=\"quform-input quform-input-text quform-input-7_12 quform-cf\"><input type=\"text\" id=\"quform_7_12_853e76\" name=\"quform_7_12\" class=\"quform-field quform-field-text quform-field-7_12\" \/><\/div><\/div><\/div><\/div><\/div><div class=\"quform-element quform-element-column quform-element-7_16\"><div class=\"quform-element quform-element-email quform-element-7_7 quform-cf quform-labels-inside quform-element-required\"><div class=\"quform-spacer\"><div class=\"quform-label quform-label-7_7\"><label class=\"quform-label-text\" for=\"quform_7_7_853e76\">Email<span class=\"quform-required\">*<\/span><\/label><\/div><div class=\"quform-inner quform-inner-email quform-inner-7_7\"><div class=\"quform-input quform-input-email quform-input-7_7 quform-cf\"><input type=\"email\" id=\"quform_7_7_853e76\" name=\"quform_7_7\" class=\"quform-field quform-field-email quform-field-7_7\" \/><\/div><\/div><\/div><\/div><\/div><div class=\"quform-element quform-element-column quform-element-7_17\"><div class=\"quform-element quform-element-submit quform-element-7_2 quform-cf quform-button-style-theme\"><div class=\"quform-button-submit quform-button-submit-default quform-button-submit-7_2\"><button name=\"quform_submit\" type=\"submit\" class=\"quform-submit\" value=\"submit\"><span class=\"quform-button-text quform-button-submit-text\">abonnez-vous<\/span><\/button><\/div><div class=\"quform-loading quform-loading-position-left quform-loading-type-spinner-1\"><div class=\"quform-loading-inner\"><div class=\"quform-loading-spinner\"><div class=\"quform-loading-spinner-inner\"><\/div><\/div><\/div><\/div><\/div><\/div><\/div><div class=\"quform-element quform-element-textarea quform-element-7_514574 quform-sr-only quform-cf\" style=\"clip: rect(1px, 1px, 1px, 1px); clip-path: inset(50%); position: absolute !important; height: 1px; width: 1px; overflow: hidden;\"><div class=\"quform-spacer\"><div class=\"quform-label quform-label-7_514574\"><label class=\"quform-label-text\" for=\"quform_7_514574_853e76\">Phone Number<span class=\"quform-required\">*<\/span><\/label><\/div><div class=\"quform-inner quform-inner-7_514574\"><textarea id=\"quform_7_514574_853e76\" name=\"quform_7_514574\" class=\"quform-field quform-field-textarea quform-field-7_514574\" tabindex=\"-1\" autocomplete=\"new-password\"><\/textarea><\/div><\/div><\/div><\/div><\/div><\/div><\/div><\/form><\/div>[\/vc_column_text][\/vc_column_inner][\/vc_row_inner][\/vc_column][\/vc_row]<\/p>\n<\/div>","protected":false},"excerpt":{"rendered":"<p>[vc_row full_width=\u00a0\u00bbstretch_row\u00a0\u00bb bg_type=\u00a0\u00bbimage\u00a0\u00bb parallax_style=\u00a0\u00bbvcpb-default\u00a0\u00bb bg_image_new=\u00a0\u00bbid^1657|url^https:\/\/www.beyondbodyimage.com\/wp-content\/uploads\/2022\/09\/about-banner.jpg|caption^null|alt^null|title^about-banner|description^null\u00a0\u00bb bg_image_repeat=\u00a0\u00bbno-repeat\u00a0\u00bb el_class=\u00a0\u00bbhome-top\u00a0\u00bb][vc_column width=\u00a0\u00bb2\/3&Prime;][\/vc_column][vc_column width=\u00a0\u00bb1\/3&Prime;][vc_column_text] SE SENTIR BIEN DANS SON CORPS C&rsquo;est possible! [\/vc_column_text][\/vc_column][\/vc_row][vc_row full_width=\u00a0\u00bbstretch_row\u00a0\u00bb el_class=\u00a0\u00bbabout-top-banner\u00a0\u00bb][vc_column][vc_row_inner][vc_column_inner width=\u00a0\u00bb1\/2&Prime;][vc_column_text el_class=\u00a0\u00bbfont18 tj pr50&Prime;]Mon nom est Florence Gillet. J&rsquo;ai pass\u00e9 une grande partie de ma vie \u00e0 croire que ma valeur d\u00e9pendait de mon apparence et de la fa\u00e7on dont les autres me percevaient. J&rsquo;\u00e9tais [&hellip;]<\/p>\n","protected":false},"author":3,"featured_media":0,"parent":0,"menu_order":0,"comment_status":"closed","ping_status":"closed","template":"fullwidth.php","meta":{"_acf_changed":false,"footnotes":""},"class_list":["post-1911","page","type-page","status-publish","hentry"],"acf":[],"aioseo_notices":[],"_links":{"self":[{"href":"https:\/\/www.beyondbodyimage.com\/fr\/wp-json\/wp\/v2\/pages\/1911","targetHints":{"allow":["GET"]}}],"collection":[{"href":"https:\/\/www.beyondbodyimage.com\/fr\/wp-json\/wp\/v2\/pages"}],"about":[{"href":"https:\/\/www.beyondbodyimage.com\/fr\/wp-json\/wp\/v2\/types\/page"}],"author":[{"embeddable":true,"href":"https:\/\/www.beyondbodyimage.com\/fr\/wp-json\/wp\/v2\/users\/3"}],"replies":[{"embeddable":true,"href":"https:\/\/www.beyondbodyimage.com\/fr\/wp-json\/wp\/v2\/comments?post=1911"}],"version-history":[{"count":16,"href":"https:\/\/www.beyondbodyimage.com\/fr\/wp-json\/wp\/v2\/pages\/1911\/revisions"}],"predecessor-version":[{"id":2445,"href":"https:\/\/www.beyondbodyimage.com\/fr\/wp-json\/wp\/v2\/pages\/1911\/revisions\/2445"}],"wp:attachment":[{"href":"https:\/\/www.beyondbodyimage.com\/fr\/wp-json\/wp\/v2\/media?parent=1911"}],"curies":[{"name":"wp","href":"https:\/\/api.w.org\/{rel}","templated":true}]}}