{"id":1907,"date":"2022-11-06T18:14:23","date_gmt":"2022-11-06T14:14:23","guid":{"rendered":"https:\/\/www.beyondbodyimage.com\/?page_id=1907"},"modified":"2022-11-30T15:31:00","modified_gmt":"2022-11-30T11:31:00","slug":"parentalite-scolarite-et-image-corporelle","status":"publish","type":"page","link":"https:\/\/www.beyondbodyimage.com\/fr\/parentalite-scolarite-et-image-corporelle\/","title":{"rendered":"Parentalit\u00e9, scolarit\u00e9 et image corporelle"},"content":{"rendered":"<div class=\"wpb-content-wrapper\"><p>[vc_row full_width=\u00a0\u00bbstretch_row\u00a0\u00bb bg_type=\u00a0\u00bbimage\u00a0\u00bb parallax_style=\u00a0\u00bbvcpb-default\u00a0\u00bb bg_image_new=\u00a0\u00bbid^1702|url^https:\/\/www.beyondbodyimage.com\/wp-content\/uploads\/2022\/10\/parenting.jpg|caption^null|alt^null|title^parenting|description^null\u00a0\u00bb bg_image_repeat=\u00a0\u00bbno-repeat\u00a0\u00bb el_class=\u00a0\u00bbparenting-top\u00a0\u00bb][vc_column width=\u00a0\u00bb1\/2&Prime;]<div class=\"ult-spacer spacer-69daf1c3e18cb\" data-id=\"69daf1c3e18cb\" data-height=\"70\" data-height-mobile=\"100\" data-height-tab=\"70\" data-height-tab-portrait=\"70\" data-height-mobile-landscape=\"100\" style=\"clear:both;display:block;\"><\/div>[vc_column_text el_class=\u00a0\u00bbtc\u00a0\u00bb]<\/p>\n<div class=\"h-text1\">ENCOURAGEONS UNE MEILLEURE IMAGE CORPORELLE<\/div>\n<div class=\"h-text2\">d\u00e8s l&rsquo;enfance<\/div>\n<p>[\/vc_column_text]<div class=\"ult-spacer spacer-69daf1c3e1969\" data-id=\"69daf1c3e1969\" data-height=\"70\" data-height-mobile=\"0\" data-height-tab=\"70\" data-height-tab-portrait=\"70\" data-height-mobile-landscape=\"0\" style=\"clear:both;display:block;\"><\/div>[\/vc_column][vc_column width=\u00a0\u00bb1\/2&Prime;][\/vc_column][\/vc_row][vc_row full_width=\u00a0\u00bbstretch_row\u00a0\u00bb el_class=\u00a0\u00bbparenting-top-banner\u00a0\u00bb][vc_column]<div class=\"ult-spacer spacer-69daf1c3e19eb\" data-id=\"69daf1c3e19eb\" data-height=\"50\" data-height-mobile=\"50\" data-height-tab=\"50\" data-height-tab-portrait=\"50\" data-height-mobile-landscape=\"50\" style=\"clear:both;display:block;\"><\/div>[vc_row_inner][vc_column_inner width=\u00a0\u00bb1\/2&Prime;][vc_column_text el_class=\u00a0\u00bbtj font16 pr50&Prime;]Depuis 2020, nous vivons une pand\u00e9mie affectant la sant\u00e9 mentale et \u00e9motionnelle de tous, mais surtout des plus jeunes. Le chamboulement des habitudes, l&rsquo;isolement accru, l&rsquo;acc\u00e8s constant \u00e0 l&rsquo;internet et l&rsquo;incertitude g\u00e9n\u00e9rale affectent grandement l&rsquo;image corporelle de nos enfants, jusqu&rsquo;\u00e0 aujourd&rsquo;hui.[\/vc_column_text][vc_column_text el_class=\u00a0\u00bbtj font18 pr50&Prime;]C\u2019est pourquoi je soutiens les parents mais aussi les \u00e9coles qui souhaitent encourager une image corporelle positive pour tous, ainsi qu&rsquo;une plus grand diversit\u00e9 et inclusivit\u00e9.<\/p>\n<p>Envoyez-moi un email si vous voulez que je vienne parler aux parents, personnel ou adolescents de l&rsquo;\u00e9cole de vos enfants![\/vc_column_text][\/vc_column_inner][vc_column_inner width=\u00a0\u00bb1\/2&Prime;][vc_single_image image=\u00a0\u00bb1955&Prime; img_size=\u00a0\u00bbfull\u00a0\u00bb alignment=\u00a0\u00bbcenter\u00a0\u00bb][\/vc_column_inner][\/vc_row_inner][\/vc_column][\/vc_row][vc_row][vc_column]<div class=\"ult-spacer spacer-69daf1c3e1a59\" data-id=\"69daf1c3e1a59\" data-height=\"50\" data-height-mobile=\"50\" data-height-tab=\"50\" data-height-tab-portrait=\"50\" data-height-mobile-landscape=\"50\" style=\"clear:both;display:block;\"><\/div>[\/vc_column][\/vc_row][vc_row full_width=\u00a0\u00bbstretch_row\u00a0\u00bb el_class=\u00a0\u00bbparenting-blue\u00a0\u00bb][vc_column el_class=\u00a0\u00bbipad-full-width\u00a0\u00bb]<div class=\"ult-spacer spacer-69daf1c3e1ab0\" data-id=\"69daf1c3e1ab0\" data-height=\"50\" data-height-mobile=\"20\" data-height-tab=\"20\" data-height-tab-portrait=\"20\" data-height-mobile-landscape=\"20\" style=\"clear:both;display:block;\"><\/div>[vc_column_text el_class=\u00a0\u00bbh-text4&Prime;]ENCOURAGER UNE MEILLEURE IMAGE CORPORELLE AUPR\u00c8S DES ENFANTS PERMET DE :[\/vc_column_text][vc_row_inner][vc_column_inner width=\u00a0\u00bb1\/2&Prime;][vc_column_text el_class=\u00a0\u00bbfont16&Prime;]- Encourager une meilleure relation \u00e0 la nourriture et au corps<br \/>\n&#8211; R\u00e9duire le stress au moment des repas<br \/>\n&#8211; Mieux comprendre la croissance et les besoins de nos enfants<br \/>\n&#8211; Cultiver une parentalit\u00e9 bienveillante<br \/>\n&#8211; Am\u00e9liorer son dialogue int\u00e9rieur<br \/>\n[\/vc_column_text][\/vc_column_inner][vc_column_inner width=\u00a0\u00bb1\/2&Prime;][vc_column_text el_class=\u00a0\u00bbfont16&Prime;]- D\u00e9velopper des outils de self-care cognitifs<br \/>\n&#8211; Pr\u00e9venir les troubles du comportement alimentaire<br \/>\n&#8211; Augmenter la confiance en soi et l&rsquo;estime de soi.<br \/>\n&#8211; Favoriser de meilleures relations au sein de la famille<br \/>\n&#8211; Comprendre la dynamique des m\u00e9dias (sociaux).<br \/>\n[\/vc_column_text][\/vc_column_inner][\/vc_row_inner][vc_column_text el_class=\u00a0\u00bbfont24&Prime;]Je souhaite apprendre comment soutenir mes enfants vers une meilleure image corporelle![\/vc_column_text][vc_column_text el_class=\u00a0\u00bbyellow-button\u00a0\u00bb]<a href=\"https:\/\/calendly.com\/beyondbodyimage\/evaluationahf\" target=\"_blank\" rel=\"noopener\">D\u00c9COUVRIR MES ACCOMPAGNEMENTS<\/a>[\/vc_column_text]<div class=\"ult-spacer spacer-69daf1c3e1b06\" data-id=\"69daf1c3e1b06\" data-height=\"50\" data-height-mobile=\"20\" data-height-tab=\"20\" data-height-tab-portrait=\"20\" data-height-mobile-landscape=\"20\" style=\"clear:both;display:block;\"><\/div>[\/vc_column][\/vc_row][vc_row][vc_column]<div class=\"ult-spacer spacer-69daf1c3e1b5f\" data-id=\"69daf1c3e1b5f\" data-height=\"50\" data-height-mobile=\"50\" data-height-tab=\"50\" data-height-tab-portrait=\"50\" data-height-mobile-landscape=\"50\" style=\"clear:both;display:block;\"><\/div>[\/vc_column][\/vc_row][vc_row full_width=\u00a0\u00bbstretch_row\u00a0\u00bb el_class=\u00a0\u00bbabout-orange\u00a0\u00bb][vc_column]<div class=\"ult-spacer spacer-69daf1c3e1bbf\" data-id=\"69daf1c3e1bbf\" data-height=\"50\" data-height-mobile=\"20\" data-height-tab=\"20\" data-height-tab-portrait=\"20\" data-height-mobile-landscape=\"20\" style=\"clear:both;display:block;\"><\/div>[vc_column_text el_class=\u00a0\u00bbh-text4&Prime;]R\u00c9SERVER UNE PR\u00c9SENTATION POUR MON \u00c9COLE[\/vc_column_text][vc_column_text el_class=\u00a0\u00bbfont18 tj\u00a0\u00bb]Depuis 2018, j&rsquo;ai donn\u00e9 des dizaines d&rsquo;ateliers sur l&rsquo;image corporelle dans les \u00e9coles. J&rsquo;ai \u00e9galement d\u00e9velopp\u00e9 des ateliers de sensibilisation pour les parents, les \u00e9l\u00e8ves du secondaire et pour les enseignants et le personnel des \u00e9coles souhaitant mettre en \u0153uvre la neutralit\u00e9 et la diversit\u00e9 corporelle avec leurs \u00e9l\u00e8ves.<\/p>\n<p>Si vous \u00eates un enseignant, un parent ou une \u00e9cole souhaitant r\u00e9server une conf\u00e9rence sur l&rsquo;image corporelle, l&rsquo;\u00e9ducation aux m\u00e9dias et le d\u00e9veloppement de la confiance en soi en dehors de l&rsquo;apparence, n&rsquo;h\u00e9sitez pas \u00e0 me contacter ![\/vc_column_text][vc_column_text el_class=\u00a0\u00bborange-button\u00a0\u00bb]<a href=\"https:\/\/www.beyondbodyimage.com\/fr\/contact\/\">R\u00c9SERVEZ UNE PR\u00c9SENTATION<\/a>[\/vc_column_text]<div class=\"ult-spacer spacer-69daf1c3e1c03\" data-id=\"69daf1c3e1c03\" data-height=\"50\" data-height-mobile=\"20\" data-height-tab=\"20\" data-height-tab-portrait=\"20\" data-height-mobile-landscape=\"20\" style=\"clear:both;display:block;\"><\/div>[\/vc_column][\/vc_row][vc_row][vc_column]<div class=\"ult-spacer spacer-69daf1c3e1c67\" data-id=\"69daf1c3e1c67\" data-height=\"40\" data-height-mobile=\"25\" data-height-tab=\"25\" data-height-tab-portrait=\"25\" data-height-mobile-landscape=\"25\" style=\"clear:both;display:block;\"><\/div>[\/vc_column][\/vc_row][vc_row full_width=\u00a0\u00bbstretch_row\u00a0\u00bb el_class=\u00a0\u00bbyellow-bg\u00a0\u00bb][vc_column]<div class=\"ult-spacer spacer-69daf1c3e1ce9\" data-id=\"69daf1c3e1ce9\" data-height=\"40\" data-height-mobile=\"25\" data-height-tab=\"25\" data-height-tab-portrait=\"25\" data-height-mobile-landscape=\"25\" style=\"clear:both;display:block;\"><\/div>[vc_row_inner][vc_column_inner][vc_column_text el_class=\u00a0\u00bbpara tc\u00a0\u00bb]<span class=\"newsletter-title\">Je m\u2019abonne<\/span> \u00e0 la newsletter[\/vc_column_text][vc_column_text]<div id=\"quform-86e915\" class=\"quform quform-7 quform-support-page-caching quform-errors-absolute\"><form id=\"quform-form-86e915\" class=\"quform-form quform-form-7\" action=\"\/fr\/wp-json\/wp\/v2\/pages\/1907#quform-86e915\" method=\"post\" enctype=\"multipart\/form-data\" novalidate=\"novalidate\" data-options=\"{&quot;id&quot;:7,&quot;uniqueId&quot;:&quot;86e915&quot;,&quot;theme&quot;:&quot;&quot;,&quot;ajax&quot;:true,&quot;logic&quot;:{&quot;logic&quot;:[],&quot;dependents&quot;:[],&quot;elementIds&quot;:[],&quot;dependentElementIds&quot;:[],&quot;animate&quot;:false},&quot;currentPageId&quot;:1,&quot;errorsIcon&quot;:&quot;&quot;,&quot;updateFancybox&quot;:true,&quot;hasPages&quot;:false,&quot;pages&quot;:[1],&quot;pageProgressType&quot;:&quot;numbers&quot;,&quot;tooltipsEnabled&quot;:false,&quot;tooltipClasses&quot;:&quot;qtip-quform-dark qtip-shadow&quot;,&quot;tooltipMy&quot;:&quot;left center&quot;,&quot;tooltipAt&quot;:&quot;right center&quot;,&quot;isRtl&quot;:false,&quot;scrollOffset&quot;:-50,&quot;scrollSpeed&quot;:800}\"><button class=\"quform-default-submit\" name=\"quform_submit\" type=\"submit\" value=\"submit\" aria-hidden=\"true\" tabindex=\"-1\"><\/button><div class=\"quform-form-inner quform-form-inner-7\"><input type=\"hidden\" name=\"quform_form_id\" value=\"7\" \/><input type=\"hidden\" name=\"quform_form_uid\" value=\"86e915\" \/><input type=\"hidden\" name=\"quform_count\" value=\"1\" \/><input type=\"hidden\" name=\"form_url\" value=\"https:\/\/www.beyondbodyimage.com\/fr\/wp-json\/wp\/v2\/pages\/1907\" \/><input type=\"hidden\" name=\"referring_url\" value=\"\" \/><input type=\"hidden\" name=\"post_id\" value=\"\" \/><input type=\"hidden\" name=\"post_title\" value=\"\" \/><input type=\"hidden\" name=\"quform_current_page_id\" value=\"1\" \/><input type=\"hidden\" name=\"quform_loaded\" value=\"1775956419|6437d100b1841b9ff49f9117b6ac5c5e\" \/><input type=\"hidden\" name=\"quform_csrf_token\" value=\"3vTOdL8aQ9a6Obu6OvemF0irfLMqiBRWu4dRC35K\" \/><div class=\"quform-elements quform-elements-7 quform-cf quform-responsive-elements-phone-landscape\"><div class=\"quform-element quform-element-page quform-page-1 quform-page-7_1 quform-cf quform-group-style-plain quform-first-page quform-last-page quform-current-page\"><div class=\"quform-child-elements\"><div class=\"quform-element quform-element-row quform-element-row-7_13 quform-4-columns quform-element-row-size-fixed quform-responsive-columns-phone-landscape\"><div class=\"quform-element quform-element-column quform-element-7_14\"><div class=\"quform-element quform-element-text quform-element-7_11 quform-cf quform-labels-inside quform-element-required\"><div class=\"quform-spacer\"><div class=\"quform-label quform-label-7_11\"><label class=\"quform-label-text\" for=\"quform_7_11_86e915\">Pr\u00e9nom<span class=\"quform-required\">*<\/span><\/label><\/div><div class=\"quform-inner quform-inner-text quform-inner-7_11\"><div class=\"quform-input quform-input-text quform-input-7_11 quform-cf\"><input type=\"text\" id=\"quform_7_11_86e915\" name=\"quform_7_11\" class=\"quform-field quform-field-text quform-field-7_11\" \/><\/div><\/div><\/div><\/div><\/div><div class=\"quform-element quform-element-column quform-element-7_15\"><div class=\"quform-element quform-element-text quform-element-7_12 quform-cf quform-labels-inside quform-element-optional\"><div class=\"quform-spacer\"><div class=\"quform-label quform-label-7_12\"><label class=\"quform-label-text\" for=\"quform_7_12_86e915\">Nom de famille<\/label><\/div><div class=\"quform-inner quform-inner-text quform-inner-7_12\"><div class=\"quform-input quform-input-text quform-input-7_12 quform-cf\"><input type=\"text\" id=\"quform_7_12_86e915\" name=\"quform_7_12\" class=\"quform-field quform-field-text quform-field-7_12\" \/><\/div><\/div><\/div><\/div><\/div><div class=\"quform-element quform-element-column quform-element-7_16\"><div class=\"quform-element quform-element-email quform-element-7_7 quform-cf quform-labels-inside quform-element-required\"><div class=\"quform-spacer\"><div class=\"quform-label quform-label-7_7\"><label class=\"quform-label-text\" for=\"quform_7_7_86e915\">Email<span class=\"quform-required\">*<\/span><\/label><\/div><div class=\"quform-inner quform-inner-email quform-inner-7_7\"><div class=\"quform-input quform-input-email quform-input-7_7 quform-cf\"><input type=\"email\" id=\"quform_7_7_86e915\" name=\"quform_7_7\" class=\"quform-field quform-field-email quform-field-7_7\" \/><\/div><\/div><\/div><\/div><\/div><div class=\"quform-element quform-element-column quform-element-7_17\"><div class=\"quform-element quform-element-submit quform-element-7_2 quform-cf quform-button-style-theme\"><div class=\"quform-button-submit quform-button-submit-default quform-button-submit-7_2\"><button name=\"quform_submit\" type=\"submit\" class=\"quform-submit\" value=\"submit\"><span class=\"quform-button-text quform-button-submit-text\">abonnez-vous<\/span><\/button><\/div><div class=\"quform-loading quform-loading-position-left quform-loading-type-spinner-1\"><div class=\"quform-loading-inner\"><div class=\"quform-loading-spinner\"><div class=\"quform-loading-spinner-inner\"><\/div><\/div><\/div><\/div><\/div><\/div><\/div><div class=\"quform-element quform-element-textarea quform-element-7_514574 quform-sr-only quform-cf\" style=\"clip: rect(1px, 1px, 1px, 1px); clip-path: inset(50%); position: absolute !important; height: 1px; width: 1px; overflow: hidden;\"><div class=\"quform-spacer\"><div class=\"quform-label quform-label-7_514574\"><label class=\"quform-label-text\" for=\"quform_7_514574_86e915\">Website URL<span class=\"quform-required\">*<\/span><\/label><\/div><div class=\"quform-inner quform-inner-7_514574\"><textarea id=\"quform_7_514574_86e915\" name=\"quform_7_514574\" class=\"quform-field quform-field-textarea quform-field-7_514574\" tabindex=\"-1\" autocomplete=\"new-password\"><\/textarea><\/div><\/div><\/div><\/div><\/div><\/div><\/div><\/form><\/div>[\/vc_column_text][\/vc_column_inner][\/vc_row_inner][\/vc_column][\/vc_row][vc_row][vc_column]<div class=\"ult-spacer spacer-69daf1c3e93b3\" data-id=\"69daf1c3e93b3\" data-height=\"80\" data-height-mobile=\"25\" data-height-tab=\"25\" data-height-tab-portrait=\"25\" data-height-mobile-landscape=\"25\" style=\"clear:both;display:block;\"><\/div>[\/vc_column][\/vc_row][vc_row el_class=\u00a0\u00bbblue-testimonials-full\u00a0\u00bb][vc_column][vc_column_text el_class=\u00a0\u00bbtitle-text tc\u00a0\u00bb]TESTIMONIALS[\/vc_column_text]<div id=\"ult-carousel-157803496869daf1c3e97df\" class=\"ult-carousel-wrapper   ult_horizontal\" data-gutter=\"15\" data-rtl=\"false\" ><div class=\"ult-carousel-22504852669daf1c3e9500 \" >[vc_row_inner][vc_column_inner][vc_column_text el_class=\u00a0\u00bbt-quote\u00a0\u00bb]Florence est venue parler aux parents du Dubai College et ce fut une exp\u00e9rience vraiment merveilleuse. Elle est bien inform\u00e9e, s&rsquo;exprime clairement et sugg\u00e8re des strat\u00e9gies concr\u00e8tes que les parents peuvent utiliser \u00e0 la maison. Elle est confiante mais accessible et cr\u00e9e un v\u00e9ritable dialogue. Ses connaissances et son expertise sont riches, et elle a r\u00e9pondu aux questions avec facilit\u00e9 et respect. Nous recommandons vivement ses interventions pour aborder les questions de poids, de corps et d&rsquo;alimentation \u00e0 l&rsquo;\u00e9cole. [\/vc_column_text][vc_column_text el_class=\u00a0\u00bbt-quote1&Prime;]Alison Kuit, Psychologue, Dubai College[\/vc_column_text][\/vc_column_inner][\/vc_row_inner]<\/div><\/div>\t\t\t<script type=\"text\/javascript\">\n\t\t\t\tjQuery(document).ready(function ($) {\n\t\t\t\t\tif( typeof jQuery('.ult-carousel-22504852669daf1c3e9500').slick == \"function\"){\n\t\t\t\t\t\t$('.ult-carousel-22504852669daf1c3e9500').slick({dots: false,autoplaySpeed: \"5000\",speed: \"300\",infinite: false,arrows: false,slidesToScroll:1,slidesToShow:1,swipe: false,draggable: false,touchMove: true,pauseOnHover: true,pauseOnFocus: false,responsive: [\n\t\t\t\t\t\t\t{\n\t\t\t\t\t\t\t  breakpoint: 1026,\n\t\t\t\t\t\t\t  settings: {\n\t\t\t\t\t\t\t\tslidesToShow: 1,\n\t\t\t\t\t\t\t\tslidesToScroll: 1,  \n\t\t\t\t\t\t\t  }\n\t\t\t\t\t\t\t},\n\t\t\t\t\t\t\t{\n\t\t\t\t\t\t\t  breakpoint: 1025,\n\t\t\t\t\t\t\t  settings: {\n\t\t\t\t\t\t\t\tslidesToShow: 1,\n\t\t\t\t\t\t\t\tslidesToScroll: 1\n\t\t\t\t\t\t\t  }\n\t\t\t\t\t\t\t},\n\t\t\t\t\t\t\t{\n\t\t\t\t\t\t\t  breakpoint: 760,\n\t\t\t\t\t\t\t  settings: {\n\t\t\t\t\t\t\t\tslidesToShow: 1,\n\t\t\t\t\t\t\t\tslidesToScroll: 1\n\t\t\t\t\t\t\t  }\n\t\t\t\t\t\t\t}\n\t\t\t\t\t\t],pauseOnDotsHover: true,customPaging: function(slider, i) {\n                   return '<i type=\"button\" style= \"color:#333333;\" class=\"ultsl-record\" data-role=\"none\"><\/i>';\n                },});\n\t\t\t\t\t}\n\t\t\t\t});\n\t\t\t<\/script>\n\t\t\t[\/vc_column][\/vc_row]<\/p>\n<\/div>","protected":false},"excerpt":{"rendered":"<p>[vc_row full_width=\u00a0\u00bbstretch_row\u00a0\u00bb bg_type=\u00a0\u00bbimage\u00a0\u00bb parallax_style=\u00a0\u00bbvcpb-default\u00a0\u00bb bg_image_new=\u00a0\u00bbid^1702|url^https:\/\/www.beyondbodyimage.com\/wp-content\/uploads\/2022\/10\/parenting.jpg|caption^null|alt^null|title^parenting|description^null\u00a0\u00bb bg_image_repeat=\u00a0\u00bbno-repeat\u00a0\u00bb el_class=\u00a0\u00bbparenting-top\u00a0\u00bb][vc_column width=\u00a0\u00bb1\/2&Prime;][vc_column_text el_class=\u00a0\u00bbtc\u00a0\u00bb] ENCOURAGEONS UNE MEILLEURE IMAGE CORPORELLE d\u00e8s l&rsquo;enfance [\/vc_column_text][\/vc_column][vc_column width=\u00a0\u00bb1\/2&Prime;][\/vc_column][\/vc_row][vc_row full_width=\u00a0\u00bbstretch_row\u00a0\u00bb el_class=\u00a0\u00bbparenting-top-banner\u00a0\u00bb][vc_column][vc_row_inner][vc_column_inner width=\u00a0\u00bb1\/2&Prime;][vc_column_text el_class=\u00a0\u00bbtj font16 pr50&Prime;]Depuis 2020, nous vivons une pand\u00e9mie affectant la sant\u00e9 mentale et \u00e9motionnelle de tous, mais surtout des plus jeunes. Le chamboulement des habitudes, l&rsquo;isolement accru, l&rsquo;acc\u00e8s constant \u00e0 l&rsquo;internet et l&rsquo;incertitude g\u00e9n\u00e9rale [&hellip;]<\/p>\n","protected":false},"author":3,"featured_media":0,"parent":0,"menu_order":0,"comment_status":"closed","ping_status":"closed","template":"fullwidth.php","meta":{"_acf_changed":false,"footnotes":""},"class_list":["post-1907","page","type-page","status-publish","hentry"],"acf":[],"aioseo_notices":[],"_links":{"self":[{"href":"https:\/\/www.beyondbodyimage.com\/fr\/wp-json\/wp\/v2\/pages\/1907","targetHints":{"allow":["GET"]}}],"collection":[{"href":"https:\/\/www.beyondbodyimage.com\/fr\/wp-json\/wp\/v2\/pages"}],"about":[{"href":"https:\/\/www.beyondbodyimage.com\/fr\/wp-json\/wp\/v2\/types\/page"}],"author":[{"embeddable":true,"href":"https:\/\/www.beyondbodyimage.com\/fr\/wp-json\/wp\/v2\/users\/3"}],"replies":[{"embeddable":true,"href":"https:\/\/www.beyondbodyimage.com\/fr\/wp-json\/wp\/v2\/comments?post=1907"}],"version-history":[{"count":7,"href":"https:\/\/www.beyondbodyimage.com\/fr\/wp-json\/wp\/v2\/pages\/1907\/revisions"}],"predecessor-version":[{"id":2137,"href":"https:\/\/www.beyondbodyimage.com\/fr\/wp-json\/wp\/v2\/pages\/1907\/revisions\/2137"}],"wp:attachment":[{"href":"https:\/\/www.beyondbodyimage.com\/fr\/wp-json\/wp\/v2\/media?parent=1907"}],"curies":[{"name":"wp","href":"https:\/\/api.w.org\/{rel}","templated":true}]}}