{"id":171,"date":"2018-11-05T19:23:57","date_gmt":"2018-11-05T19:23:57","guid":{"rendered":"https:\/\/www.beyondbodyimage.com\/\/?page_id=171"},"modified":"2025-01-22T17:26:45","modified_gmt":"2025-01-22T13:26:45","slug":"liens","status":"publish","type":"page","link":"https:\/\/www.beyondbodyimage.com\/fr\/liens\/","title":{"rendered":"Liens"},"content":{"rendered":"<div class=\"wpb-content-wrapper\"><p>[vc_row][vc_column][vc_column_text css=\u00a0\u00bb\u00a0\u00bb]<\/p>\n<h1 class=\"gfont supersize\">Liens<\/h1>\n<h4>Pour lire mon dernier blog post, cliquez <a href=\"https:\/\/www.beyondbodyimage.com\/considerer-son-esprit\/moins-de-fomo-plus-de-bopo\/?lang=fr\">ici<\/a>. (Find the English version of my latest (French) post <a href=\"https:\/\/goodness.savoirflair.com\/body\/367454\/fitspo-bopo-instagram-body-positivity\">here<\/a>)<\/h4>\n<p>&nbsp;<\/p>\n<h4>Pour trouver mes r\u00e9f\u00e9rences francophones du #lundilivre, cliquez <a href=\"https:\/\/www.beyondbodyimage.com\/references\/?lang=fr\">ici<\/a>. (Les r\u00e9f\u00e9rences anglophones sont <a href=\"https:\/\/www.beyondbodyimage.com\/resources\/\">ici<\/a>)<\/h4>\n<p>&nbsp;<\/p>\n<h4>Pour lire mon dernier article de presse ou podcast, cliquez <a href=\"https:\/\/www.beyondbodyimage.com\/presse\/?lang=fr\">ici<\/a>.<\/h4>\n<p>&nbsp;<\/p>\n<h4>Pour toutes mes r\u00e9f\u00e9rences et une liste d&rsquo;outils (gratuits) pour vous r\u00e9tablir de troubles du comportement alimentaire, cliquez <a href=\"https:\/\/www.beyondbodyimage.com\/\/references\/?lang=fr\">ici<\/a>.<\/h4>\n<p>&nbsp;<\/p>\n<h4>Pour travailler avec moi, cliquez <a href=\"https:\/\/www.beyondbodyimage.com\/\/coaching\/?lang=fr\">ici<\/a>.<\/h4>\n<p>&nbsp;<\/p>\n<h4>Pour vous abonner et recevoir tous mes nouveaux blog posts, cliquez <a href=\"https:\/\/www.beyondbodyimage.com\/snp_popups\/newsletter\/?lang=fr\">ici<\/a>.<\/h4>\n<p>&nbsp;<\/p>\n<h4>Vous ne trouvez pas ce que vous cherchez? Ecrivez-moi : florence@beyondbodyimage.com<\/h4>\n<p>&nbsp;<\/p>\n<h4><\/h4>\n<p>[\/vc_column_text][\/vc_column][\/vc_row][vc_row][vc_column][vc_single_image image=\u00a0\u00bb375&Prime; img_size=\u00a0\u00bbfull\u00a0\u00bb][\/vc_column][\/vc_row]<\/p>\n<\/div>","protected":false},"excerpt":{"rendered":"<p>[vc_row][vc_column][vc_column_text css=\u00a0\u00bb\u00a0\u00bb] Liens Pour lire mon dernier blog post, cliquez ici. (Find the English version of my latest (French) post here) &nbsp; Pour trouver mes r\u00e9f\u00e9rences francophones du #lundilivre, cliquez ici. (Les r\u00e9f\u00e9rences anglophones sont ici) &nbsp; Pour lire mon dernier article de presse ou podcast, cliquez ici. &nbsp; Pour toutes mes r\u00e9f\u00e9rences et une [&hellip;]<\/p>\n","protected":false},"author":2,"featured_media":0,"parent":0,"menu_order":0,"comment_status":"closed","ping_status":"closed","template":"","meta":{"_acf_changed":false,"footnotes":""},"class_list":["post-171","page","type-page","status-publish","hentry"],"acf":[],"aioseo_notices":[],"_links":{"self":[{"href":"https:\/\/www.beyondbodyimage.com\/fr\/wp-json\/wp\/v2\/pages\/171","targetHints":{"allow":["GET"]}}],"collection":[{"href":"https:\/\/www.beyondbodyimage.com\/fr\/wp-json\/wp\/v2\/pages"}],"about":[{"href":"https:\/\/www.beyondbodyimage.com\/fr\/wp-json\/wp\/v2\/types\/page"}],"author":[{"embeddable":true,"href":"https:\/\/www.beyondbodyimage.com\/fr\/wp-json\/wp\/v2\/users\/2"}],"replies":[{"embeddable":true,"href":"https:\/\/www.beyondbodyimage.com\/fr\/wp-json\/wp\/v2\/comments?post=171"}],"version-history":[{"count":16,"href":"https:\/\/www.beyondbodyimage.com\/fr\/wp-json\/wp\/v2\/pages\/171\/revisions"}],"predecessor-version":[{"id":2450,"href":"https:\/\/www.beyondbodyimage.com\/fr\/wp-json\/wp\/v2\/pages\/171\/revisions\/2450"}],"wp:attachment":[{"href":"https:\/\/www.beyondbodyimage.com\/fr\/wp-json\/wp\/v2\/media?parent=171"}],"curies":[{"name":"wp","href":"https:\/\/api.w.org\/{rel}","templated":true}]}}